
{"id":4025,"date":"2023-08-08T12:10:26","date_gmt":"2023-08-08T10:10:26","guid":{"rendered":"https:\/\/lillehaveli.no\/?post_type=product&#038;p=4025"},"modified":"2024-09-02T00:02:47","modified_gmt":"2024-09-01T22:02:47","slug":"chicken-tikka-masala","status":"publish","type":"product","link":"https:\/\/lillehaveli.no\/heggedal\/product\/chicken-tikka-masala\/","title":{"rendered":"CHICKEN TIKKA MASALA (H, M)"},"content":{"rendered":"<p>Grilled Kylling stekes i masala saus med fl\u00f8te, parika, l\u00f8k, hvitl\u00f8k, tomat, ingef\u00e6r, og krudder. Toppes med fersk koriander<\/p>\n","protected":false},"excerpt":{"rendered":"<p>Grilled Kylling stekes i masala saus med fl\u00f8te, parika, l\u00f8k, hvitl\u00f8k, tomat, ingef\u00e6r, og krudder. Toppes med fersk koriander<\/p>\n","protected":false},"featured_media":5558,"comment_status":"open","ping_status":"closed","template":"","meta":{"_acf_changed":false,"_et_pb_use_builder":"","_et_pb_old_content":"","_et_gb_content_width":""},"product_brand":[],"product_cat":[155],"product_tag":[],"class_list":{"0":"post-4025","1":"product","2":"type-product","3":"status-publish","4":"has-post-thumbnail","6":"product_cat-chicken-curries","7":"allergy-gluten","8":"allergy-hvetemel","9":"allergy-melk","11":"first","12":"instock","13":"taxable","14":"shipping-taxable","15":"purchasable","16":"product-type-variable","17":"has-default-attributes"},"acf":[],"yoast_head":"<!-- This site is optimized with the Yoast SEO plugin v27.2 - https:\/\/yoast.com\/product\/yoast-seo-wordpress\/ -->\n<title>CHICKEN TIKKA MASALA (H, M) - Lille Haveli - Heggedal<\/title>\n<meta name=\"robots\" content=\"index, follow, max-snippet:-1, max-image-preview:large, max-video-preview:-1\" \/>\n<link rel=\"canonical\" href=\"https:\/\/lillehaveli.no\/heggedal\/product\/chicken-tikka-masala\/\" \/>\n<meta property=\"og:locale\" content=\"en_GB\" \/>\n<meta property=\"og:type\" content=\"article\" \/>\n<meta property=\"og:title\" content=\"CHICKEN TIKKA MASALA (H, M) - Lille Haveli - Heggedal\" \/>\n<meta property=\"og:description\" content=\"Grilled Kylling stekes i masala saus med fl\u00f8te, parika, l\u00f8k, hvitl\u00f8k, tomat, ingef\u00e6r, og krudder. Toppes med fersk koriander\" \/>\n<meta property=\"og:url\" content=\"https:\/\/lillehaveli.no\/heggedal\/product\/chicken-tikka-masala\/\" \/>\n<meta property=\"og:site_name\" content=\"Lille Haveli - Heggedal\" \/>\n<meta property=\"article:publisher\" content=\"https:\/\/www.facebook.com\/lillehaveli\" \/>\n<meta property=\"article:modified_time\" content=\"2024-09-01T22:02:47+00:00\" \/>\n<meta property=\"og:image\" content=\"https:\/\/lillehaveli.no\/heggedal\/wp-content\/uploads\/2023\/08\/tikka-masala.jpg\" \/>\n\t<meta property=\"og:image:width\" content=\"600\" \/>\n\t<meta property=\"og:image:height\" content=\"600\" \/>\n\t<meta property=\"og:image:type\" content=\"image\/jpeg\" \/>\n<meta name=\"twitter:card\" content=\"summary_large_image\" \/>\n<meta name=\"twitter:label1\" content=\"Estimated reading time\" \/>\n\t<meta name=\"twitter:data1\" content=\"1 minute\" \/>\n<script type=\"application\/ld+json\" class=\"yoast-schema-graph\">{\"@context\":\"https:\/\/schema.org\",\"@graph\":[{\"@type\":\"WebPage\",\"@id\":\"https:\/\/lillehaveli.no\/heggedal\/product\/chicken-tikka-masala\/\",\"url\":\"https:\/\/lillehaveli.no\/heggedal\/product\/chicken-tikka-masala\/\",\"name\":\"CHICKEN TIKKA MASALA (H, M) - Lille Haveli - Heggedal\",\"isPartOf\":{\"@id\":\"https:\/\/lillehaveli.no\/heggedal\/#website\"},\"primaryImageOfPage\":{\"@id\":\"https:\/\/lillehaveli.no\/heggedal\/product\/chicken-tikka-masala\/#primaryimage\"},\"image\":{\"@id\":\"https:\/\/lillehaveli.no\/heggedal\/product\/chicken-tikka-masala\/#primaryimage\"},\"thumbnailUrl\":\"https:\/\/lillehaveli.no\/heggedal\/wp-content\/uploads\/2024\/09\/tikka-masala-1.jpg\",\"datePublished\":\"2023-08-08T10:10:26+00:00\",\"dateModified\":\"2024-09-01T22:02:47+00:00\",\"breadcrumb\":{\"@id\":\"https:\/\/lillehaveli.no\/heggedal\/product\/chicken-tikka-masala\/#breadcrumb\"},\"inLanguage\":\"en-GB\",\"potentialAction\":[{\"@type\":\"ReadAction\",\"target\":[\"https:\/\/lillehaveli.no\/heggedal\/product\/chicken-tikka-masala\/\"]}]},{\"@type\":\"ImageObject\",\"inLanguage\":\"en-GB\",\"@id\":\"https:\/\/lillehaveli.no\/heggedal\/product\/chicken-tikka-masala\/#primaryimage\",\"url\":\"https:\/\/lillehaveli.no\/heggedal\/wp-content\/uploads\/2024\/09\/tikka-masala-1.jpg\",\"contentUrl\":\"https:\/\/lillehaveli.no\/heggedal\/wp-content\/uploads\/2024\/09\/tikka-masala-1.jpg\",\"width\":600,\"height\":600},{\"@type\":\"BreadcrumbList\",\"@id\":\"https:\/\/lillehaveli.no\/heggedal\/product\/chicken-tikka-masala\/#breadcrumb\",\"itemListElement\":[{\"@type\":\"ListItem\",\"position\":1,\"name\":\"Shop\",\"item\":\"https:\/\/lillehaveli.no\/heggedal\/shop\/\"},{\"@type\":\"ListItem\",\"position\":2,\"name\":\"CHICKEN TIKKA MASALA (H, M)\"}]},{\"@type\":\"WebSite\",\"@id\":\"https:\/\/lillehaveli.no\/heggedal\/#website\",\"url\":\"https:\/\/lillehaveli.no\/heggedal\/\",\"name\":\"Lille Haveli - Heggedal\",\"description\":\"Ekte indisk opplevelsen i Asker sentrum\",\"publisher\":{\"@id\":\"https:\/\/lillehaveli.no\/heggedal\/#organization\"},\"potentialAction\":[{\"@type\":\"SearchAction\",\"target\":{\"@type\":\"EntryPoint\",\"urlTemplate\":\"https:\/\/lillehaveli.no\/heggedal\/?s={search_term_string}\"},\"query-input\":{\"@type\":\"PropertyValueSpecification\",\"valueRequired\":true,\"valueName\":\"search_term_string\"}}],\"inLanguage\":\"en-GB\"},{\"@type\":\"Organization\",\"@id\":\"https:\/\/lillehaveli.no\/heggedal\/#organization\",\"name\":\"Lille Haveli - Heggedal\",\"url\":\"https:\/\/lillehaveli.no\/heggedal\/\",\"logo\":{\"@type\":\"ImageObject\",\"inLanguage\":\"en-GB\",\"@id\":\"https:\/\/lillehaveli.no\/heggedal\/#\/schema\/logo\/image\/\",\"url\":\"https:\/\/lillehaveli.no\/wp-content\/uploads\/2023\/02\/haveliLogo-1.jpg\",\"contentUrl\":\"https:\/\/lillehaveli.no\/wp-content\/uploads\/2023\/02\/haveliLogo-1.jpg\",\"width\":1365,\"height\":1365,\"caption\":\"Lille Haveli - Heggedal\"},\"image\":{\"@id\":\"https:\/\/lillehaveli.no\/heggedal\/#\/schema\/logo\/image\/\"},\"sameAs\":[\"https:\/\/www.facebook.com\/lillehaveli\"]}]}<\/script>\n<!-- \/ Yoast SEO plugin. -->","yoast_head_json":{"title":"CHICKEN TIKKA MASALA (H, M) - Lille Haveli - Heggedal","robots":{"index":"index","follow":"follow","max-snippet":"max-snippet:-1","max-image-preview":"max-image-preview:large","max-video-preview":"max-video-preview:-1"},"canonical":"https:\/\/lillehaveli.no\/heggedal\/product\/chicken-tikka-masala\/","og_locale":"en_GB","og_type":"article","og_title":"CHICKEN TIKKA MASALA (H, M) - Lille Haveli - Heggedal","og_description":"Grilled Kylling stekes i masala saus med fl\u00f8te, parika, l\u00f8k, hvitl\u00f8k, tomat, ingef\u00e6r, og krudder. Toppes med fersk koriander","og_url":"https:\/\/lillehaveli.no\/heggedal\/product\/chicken-tikka-masala\/","og_site_name":"Lille Haveli - Heggedal","article_publisher":"https:\/\/www.facebook.com\/lillehaveli","article_modified_time":"2024-09-01T22:02:47+00:00","og_image":[{"width":600,"height":600,"url":"https:\/\/lillehaveli.no\/heggedal\/wp-content\/uploads\/2023\/08\/tikka-masala.jpg","type":"image\/jpeg"}],"twitter_card":"summary_large_image","twitter_misc":{"Estimated reading time":"1 minute"},"schema":{"@context":"https:\/\/schema.org","@graph":[{"@type":"WebPage","@id":"https:\/\/lillehaveli.no\/heggedal\/product\/chicken-tikka-masala\/","url":"https:\/\/lillehaveli.no\/heggedal\/product\/chicken-tikka-masala\/","name":"CHICKEN TIKKA MASALA (H, M) - Lille Haveli - Heggedal","isPartOf":{"@id":"https:\/\/lillehaveli.no\/heggedal\/#website"},"primaryImageOfPage":{"@id":"https:\/\/lillehaveli.no\/heggedal\/product\/chicken-tikka-masala\/#primaryimage"},"image":{"@id":"https:\/\/lillehaveli.no\/heggedal\/product\/chicken-tikka-masala\/#primaryimage"},"thumbnailUrl":"https:\/\/lillehaveli.no\/heggedal\/wp-content\/uploads\/2024\/09\/tikka-masala-1.jpg","datePublished":"2023-08-08T10:10:26+00:00","dateModified":"2024-09-01T22:02:47+00:00","breadcrumb":{"@id":"https:\/\/lillehaveli.no\/heggedal\/product\/chicken-tikka-masala\/#breadcrumb"},"inLanguage":"en-GB","potentialAction":[{"@type":"ReadAction","target":["https:\/\/lillehaveli.no\/heggedal\/product\/chicken-tikka-masala\/"]}]},{"@type":"ImageObject","inLanguage":"en-GB","@id":"https:\/\/lillehaveli.no\/heggedal\/product\/chicken-tikka-masala\/#primaryimage","url":"https:\/\/lillehaveli.no\/heggedal\/wp-content\/uploads\/2024\/09\/tikka-masala-1.jpg","contentUrl":"https:\/\/lillehaveli.no\/heggedal\/wp-content\/uploads\/2024\/09\/tikka-masala-1.jpg","width":600,"height":600},{"@type":"BreadcrumbList","@id":"https:\/\/lillehaveli.no\/heggedal\/product\/chicken-tikka-masala\/#breadcrumb","itemListElement":[{"@type":"ListItem","position":1,"name":"Shop","item":"https:\/\/lillehaveli.no\/heggedal\/shop\/"},{"@type":"ListItem","position":2,"name":"CHICKEN TIKKA MASALA (H, M)"}]},{"@type":"WebSite","@id":"https:\/\/lillehaveli.no\/heggedal\/#website","url":"https:\/\/lillehaveli.no\/heggedal\/","name":"Lille Haveli - Heggedal","description":"Ekte indisk opplevelsen i Asker sentrum","publisher":{"@id":"https:\/\/lillehaveli.no\/heggedal\/#organization"},"potentialAction":[{"@type":"SearchAction","target":{"@type":"EntryPoint","urlTemplate":"https:\/\/lillehaveli.no\/heggedal\/?s={search_term_string}"},"query-input":{"@type":"PropertyValueSpecification","valueRequired":true,"valueName":"search_term_string"}}],"inLanguage":"en-GB"},{"@type":"Organization","@id":"https:\/\/lillehaveli.no\/heggedal\/#organization","name":"Lille Haveli - Heggedal","url":"https:\/\/lillehaveli.no\/heggedal\/","logo":{"@type":"ImageObject","inLanguage":"en-GB","@id":"https:\/\/lillehaveli.no\/heggedal\/#\/schema\/logo\/image\/","url":"https:\/\/lillehaveli.no\/wp-content\/uploads\/2023\/02\/haveliLogo-1.jpg","contentUrl":"https:\/\/lillehaveli.no\/wp-content\/uploads\/2023\/02\/haveliLogo-1.jpg","width":1365,"height":1365,"caption":"Lille Haveli - Heggedal"},"image":{"@id":"https:\/\/lillehaveli.no\/heggedal\/#\/schema\/logo\/image\/"},"sameAs":["https:\/\/www.facebook.com\/lillehaveli"]}]}},"_links":{"self":[{"href":"https:\/\/lillehaveli.no\/heggedal\/wp-json\/wp\/v2\/product\/4025","targetHints":{"allow":["GET"]}}],"collection":[{"href":"https:\/\/lillehaveli.no\/heggedal\/wp-json\/wp\/v2\/product"}],"about":[{"href":"https:\/\/lillehaveli.no\/heggedal\/wp-json\/wp\/v2\/types\/product"}],"replies":[{"embeddable":true,"href":"https:\/\/lillehaveli.no\/heggedal\/wp-json\/wp\/v2\/comments?post=4025"}],"wp:featuredmedia":[{"embeddable":true,"href":"https:\/\/lillehaveli.no\/heggedal\/wp-json\/wp\/v2\/media\/5558"}],"wp:attachment":[{"href":"https:\/\/lillehaveli.no\/heggedal\/wp-json\/wp\/v2\/media?parent=4025"}],"wp:term":[{"taxonomy":"product_brand","embeddable":true,"href":"https:\/\/lillehaveli.no\/heggedal\/wp-json\/wp\/v2\/product_brand?post=4025"},{"taxonomy":"product_cat","embeddable":true,"href":"https:\/\/lillehaveli.no\/heggedal\/wp-json\/wp\/v2\/product_cat?post=4025"},{"taxonomy":"product_tag","embeddable":true,"href":"https:\/\/lillehaveli.no\/heggedal\/wp-json\/wp\/v2\/product_tag?post=4025"}],"curies":[{"name":"wp","href":"https:\/\/api.w.org\/{rel}","templated":true}]}}