
{"id":5385,"date":"2024-08-29T13:01:24","date_gmt":"2024-08-29T11:01:24","guid":{"rendered":"https:\/\/lillehaveli.no\/heggedal\/?page_id=5385"},"modified":"2024-11-15T14:05:15","modified_gmt":"2024-11-15T13:05:15","slug":"join-our-team","status":"publish","type":"page","link":"https:\/\/lillehaveli.no\/heggedal\/join-our-team\/","title":{"rendered":"Join Our Team"},"content":{"rendered":"<p>[et_pb_section fb_built=&#8221;1&#8243; admin_label=&#8221;Header&#8221; _builder_version=&#8221;4.27.0&#8243; _module_preset=&#8221;default&#8221; background_color=&#8221;rgba(0,0,0,0.55)&#8221; background_image=&#8221;https:\/\/lillehaveli.no\/heggedal\/wp-content\/uploads\/2024\/08\/lill.jpeg&#8221; background_blend=&#8221;overlay&#8221; custom_padding=&#8221;100px||100px||false|false&#8221; locked=&#8221;off&#8221; collapsed=&#8221;off&#8221; global_colors_info=&#8221;{}&#8221;][et_pb_row _builder_version=&#8221;4.24.0&#8243; _module_preset=&#8221;default&#8221; global_colors_info=&#8221;{}&#8221;][et_pb_column type=&#8221;4_4&#8243; _builder_version=&#8221;4.24.0&#8243; _module_preset=&#8221;default&#8221; global_colors_info=&#8221;{}&#8221;][et_pb_heading title=&#8221;Jobb hos oss&#8221; _builder_version=&#8221;4.27.2&#8243; _module_preset=&#8221;default&#8221; title_text_align=&#8221;center&#8221; title_text_color=&#8221;#ffffff&#8221; global_colors_info=&#8221;{}&#8221;][\/et_pb_heading][\/et_pb_column][\/et_pb_row][\/et_pb_section][et_pb_section fb_built=&#8221;1&#8243; _builder_version=&#8221;4.24.3&#8243; _module_preset=&#8221;default&#8221; global_colors_info=&#8221;{}&#8221;][et_pb_row column_structure=&#8221;1_2,1_2&#8243; use_custom_gutter=&#8221;on&#8221; gutter_width=&#8221;2&#8243; _builder_version=&#8221;4.27.2&#8243; _module_preset=&#8221;default&#8221; global_colors_info=&#8221;{}&#8221;][et_pb_column type=&#8221;1_2&#8243; _builder_version=&#8221;4.24.3&#8243; _module_preset=&#8221;default&#8221; border_radii=&#8221;on|6px|6px|6px|6px&#8221; border_width_all=&#8221;1px&#8221; global_colors_info=&#8221;{}&#8221;][et_pb_image src=&#8221;https:\/\/lillehaveli.no\/heggedal\/wp-content\/uploads\/2024\/11\/food-serving-job.jpg&#8221; title_text=&#8221;food-serving-job&#8221; show_bottom_space=&#8221;off&#8221; force_fullwidth=&#8221;on&#8221; _builder_version=&#8221;4.27.2&#8243; _module_preset=&#8221;default&#8221; global_colors_info=&#8221;{}&#8221;][\/et_pb_image][et_pb_accordion module_id=&#8221;waiter&#8221; _builder_version=&#8221;4.27.2&#8243; _module_preset=&#8221;default&#8221; toggle_font_size=&#8221;15px&#8221; toggle_line_height=&#8221;1.3em&#8221; hover_enabled=&#8221;0&#8243; global_colors_info=&#8221;{}&#8221; sticky_enabled=&#8221;0&#8243;][et_pb_accordion_item title=&#8221;Stilling: Kj\u00f8kkenassistent for rengj\u00f8ring&#8221; open=&#8221;on&#8221; _builder_version=&#8221;4.27.2&#8243; _module_preset=&#8221;default&#8221; global_colors_info=&#8221;{}&#8221; toggle_font_size=&#8221;24px&#8221;][\/et_pb_accordion_item][et_pb_accordion_item title=&#8221;Stilling: Kj\u00f8kkenassistent for rengj\u00f8ring&#8221; _builder_version=&#8221;4.27.2&#8243; _module_preset=&#8221;default&#8221; hover_enabled=&#8221;0&#8243; global_colors_info=&#8221;{}&#8221; toggle_font_size=&#8221;24px&#8221; open=&#8221;off&#8221; sticky_enabled=&#8221;0&#8243;]<\/p>\n<p><strong>Sted: Lille Haveli, Heggedal<\/strong><\/p>\n<p><strong>Arbeidsoppgaver:<\/strong><\/p>\n<ul>\n<li>Rengj\u00f8ring og vedlikehold av kj\u00f8kkenet for \u00e5 sikre h\u00f8ye hygienestandarder.<\/li>\n<li>Assistere kokken med forberedelser og andre oppgaver ved behov.<\/li>\n<li>S\u00f8rge for at kj\u00f8kkenredskaper og utstyr alltid er rene og tilgjengelige.<\/li>\n<li>Holde arbeidsomr\u00e5dene ryddige og organiserte.<\/li>\n<li>H\u00e5ndtering av avfall og s\u00f8rge for korrekt avfallsh\u00e5ndtering.<\/li>\n<\/ul>\n<p><strong>Kvalifikasjoner:<\/strong><\/p>\n<ul>\n<li>Erfaring fra en lignende rolle er en fordel, men ikke et krav.<\/li>\n<li>Evne til \u00e5 jobbe raskt og effektivt under press.<\/li>\n<li>Gode kommunikasjonsferdigheter og evne til \u00e5 samarbeide godt i et team.<\/li>\n<li>N\u00f8yaktighet og en sterk arbeidsmoral.<\/li>\n<li>Fleksibilitet til \u00e5 h\u00e5ndtere varierte oppgaver i et travelt arbeidsmilj\u00f8.<\/li>\n<\/ul>\n<p><strong>Dette tilbyr vi:<\/strong><\/p>\n<ul>\n<li>Muligheten til \u00e5 jobbe i et spennende og nyetablert konsept.<\/li>\n<li>Et positivt arbeidsmilj\u00f8 med hyggelige kollegaer.<\/li>\n<li>Konkurransedyktige betingelser og muligheter for utvikling.<\/li>\n<\/ul>\n<p><strong>S\u00f8knadsfrist:<\/strong><\/p>\n<ul>\n<li>Snarest<\/li>\n<\/ul>\n<p><strong>Slik s\u00f8ker du:<\/strong><\/p>\n<p>Send din CV og en kort s\u00f8knad til <a href=\"mailto:heggedal@lillehaveli.no\"><strong>heggedal@lillehaveli.no<\/strong><\/a>, eller bes\u00f8k Lille Haveli personlig for \u00e5 fylle ut en s\u00f8knad.<\/p>\n<p>Bli en del av teamet hos Lille Haveli og bidra til \u00e5 gi v\u00e5re gjester en autentisk og fantastisk matopplevelse!<\/p>\n<p><span style=\"text-decoration: underline;\"><a href=\"#apply-now\"><strong>S\u00f8k n\u00e5!<\/strong><\/a><span style=\"color: #333333;\"><\/span><\/span><\/p>\n<p>[\/et_pb_accordion_item][\/et_pb_accordion][\/et_pb_column][et_pb_column type=&#8221;1_2&#8243; _builder_version=&#8221;4.27.2&#8243; _module_preset=&#8221;default&#8221; border_radii=&#8221;on|6px|6px|6px|6px&#8221; global_colors_info=&#8221;{}&#8221;][et_pb_image src=&#8221;https:\/\/lillehaveli.no\/heggedal\/wp-content\/uploads\/2024\/11\/food-serving-job-1.jpg&#8221; title_text=&#8221;food-serving-job-1&#8243; show_bottom_space=&#8221;off&#8221; force_fullwidth=&#8221;on&#8221; _builder_version=&#8221;4.27.2&#8243; _module_preset=&#8221;default&#8221; global_colors_info=&#8221;{}&#8221;][\/et_pb_image][et_pb_accordion module_id=&#8221;waiter&#8221; _builder_version=&#8221;4.27.2&#8243; _module_preset=&#8221;default&#8221; hover_enabled=&#8221;0&#8243; global_colors_info=&#8221;{}&#8221; sticky_enabled=&#8221;0&#8243;][et_pb_accordion_item title=&#8221;Stilling: Servit\u00f8r&#8221; open=&#8221;on&#8221; _builder_version=&#8221;4.27.2&#8243; _module_preset=&#8221;default&#8221; hover_enabled=&#8221;0&#8243; global_colors_info=&#8221;{}&#8221; toggle_font_size=&#8221;24px&#8221; sticky_enabled=&#8221;0&#8243;][\/et_pb_accordion_item][et_pb_accordion_item title=&#8221;Stilling: Servit\u00f8r&#8221; _builder_version=&#8221;4.27.2&#8243; _module_preset=&#8221;default&#8221; hover_enabled=&#8221;0&#8243; global_colors_info=&#8221;{}&#8221; toggle_font_size=&#8221;24px&#8221; open=&#8221;off&#8221; sticky_enabled=&#8221;0&#8243;]<\/p>\n<p><strong>Sted: Lille Haveli, Heggedal<\/strong><\/p>\n<p><strong>Arbeidsoppgaver:<\/strong><\/p>\n<ul>\n<li>\u00d8nske gjestene velkommen og f\u00f8lge dem til bordet p\u00e5 en varm og profesjonell m\u00e5te.<\/li>\n<li>Ta n\u00f8yaktige bestillinger p\u00e5 mat og drikke.<\/li>\n<li>Servere retter med presisjon og s\u00f8rge for at gjestene er forn\u00f8yde.<\/li>\n<li>Gi menyanbefalinger og svare p\u00e5 sp\u00f8rsm\u00e5l fra gjestene.<\/li>\n<li>H\u00e5ndtere betalinger og utstede kvitteringer.<\/li>\n<li>Holde spiseomr\u00e5det rent og organisert.<\/li>\n<li>Samarbeide med kj\u00f8kkenet og resten av teamet for \u00e5 sikre en god opplevelse for gjestene.<\/li>\n<\/ul>\n<p><strong>Kvalifikasjoner:<\/strong><\/p>\n<ul>\n<li>Erfaring som servit\u00f8r er en fordel, men ikke et krav.<\/li>\n<li>Sterke kommunikasjons- og kundeserviceferdigheter.<\/li>\n<li>Evne til \u00e5 jobbe godt i et hektisk arbeidsmilj\u00f8.<\/li>\n<li>Grunnleggende kunnskap om indisk mat er et pluss.<\/li>\n<li>Flytende i engelsk; kunnskap i norsk er en fordel.<\/li>\n<li>Fleksibilitet til \u00e5 jobbe kvelder, helger og helligdager.<\/li>\n<\/ul>\n<p><strong>Dette tilbyr vi:<\/strong><\/p>\n<ul>\n<li>Et varmt og st\u00f8ttende arbeidsmilj\u00f8.<\/li>\n<li>Muligheter for personlig vekst og utvikling.<\/li>\n<li>Er du lidenskapelig opptatt av service og har en interesse for indisk mat? Da vil vi gjerne h\u00f8re fra deg!<\/li>\n<\/ul>\n<p><strong>Slik s\u00f8ker du:<\/strong><\/p>\n<p>Send din CV og en kort s\u00f8knad til heggedal@lillehaveli.no, eller bes\u00f8k Lille Haveli personlig for \u00e5 fylle ut en s\u00f8knad.<\/p>\n<p>Bli med i Lille Haveli-teamet og bidra til \u00e5 gi v\u00e5re gjester en autentisk og minneverdig matopplevelse!<\/p>\n<p><span style=\"text-decoration: underline;\"><a href=\"#apply-now\"><strong>S\u00f8k n\u00e5!<\/strong><\/a><span style=\"color: #333333;\"><\/span><\/span><\/p>\n<p>[\/et_pb_accordion_item][\/et_pb_accordion][\/et_pb_column][\/et_pb_row][et_pb_row _builder_version=&#8221;4.27.2&#8243; _module_preset=&#8221;default&#8221; global_colors_info=&#8221;{}&#8221;][et_pb_column type=&#8221;4_4&#8243; _builder_version=&#8221;4.27.2&#8243; _module_preset=&#8221;default&#8221; global_colors_info=&#8221;{}&#8221;][et_pb_button button_url=&#8221;#apply-now&#8221; button_text=&#8221;\u00c5pen s\u00f8knad&#8221; button_alignment=&#8221;center&#8221; _builder_version=&#8221;4.27.2&#8243; _module_preset=&#8221;default&#8221; hover_enabled=&#8221;0&#8243; global_colors_info=&#8221;{}&#8221; sticky_enabled=&#8221;0&#8243;][\/et_pb_button][\/et_pb_column][\/et_pb_row][\/et_pb_section][et_pb_section fb_built=&#8221;1&#8243; module_id=&#8221;apply-now&#8221; _builder_version=&#8221;4.24.3&#8243; _module_preset=&#8221;default&#8221; border_width_top=&#8221;1px&#8221; border_color_top=&#8221;rgba(0,0,0,0.08)&#8221; global_colors_info=&#8221;{}&#8221;][et_pb_row _builder_version=&#8221;4.24.0&#8243; _module_preset=&#8221;default&#8221; global_colors_info=&#8221;{}&#8221;][et_pb_column type=&#8221;4_4&#8243; _builder_version=&#8221;4.24.0&#8243; _module_preset=&#8221;default&#8221; global_colors_info=&#8221;{}&#8221;][et_pb_text _builder_version=&#8221;4.27.2&#8243; _module_preset=&#8221;1f09816e-184e-4ce5-a4cf-b39c52c423ca&#8221; text_font=&#8221;Open Sans||||||||&#8221; text_text_color=&#8221;#000000&#8243; text_font_size=&#8221;17px&#8221; text_line_height=&#8221;1.8em&#8221; link_text_color=&#8221;#23CDE7&#8243; header_3_font=&#8221;Playfair Display||||||||&#8221; header_3_font_size=&#8221;38px&#8221; header_3_line_height=&#8221;1.7em&#8221; header_4_font=&#8221;Playfair Display||||||||&#8221; header_4_font_size=&#8221;25px&#8221; header_4_line_height=&#8221;1.8em&#8221; text_font_size_tablet=&#8221;15px&#8221; text_font_size_phone=&#8221;14px&#8221; text_font_size_last_edited=&#8221;on|phone&#8221; header_font_size_tablet=&#8221;55px&#8221; header_font_size_last_edited=&#8221;off|desktop&#8221; global_colors_info=&#8221;{}&#8221;]<\/p>\n<h3 style=\"text-align: center;\">S\u00f8k n\u00e5<\/h3>\n<p>[\/et_pb_text][\/et_pb_column][\/et_pb_row][et_pb_row _builder_version=&#8221;4.24.0&#8243; _module_preset=&#8221;default&#8221; global_colors_info=&#8221;{}&#8221;][et_pb_column type=&#8221;4_4&#8243; _builder_version=&#8221;4.24.0&#8243; _module_preset=&#8221;default&#8221; global_colors_info=&#8221;{}&#8221;][et_pb_contact_form email=&#8221;heggedal@lillehaveli.no, pk@vivamart.no&#8221; custom_message=&#8221;Hei, ||et_pb_line_break_holder||||et_pb_line_break_holder||We have received a new job application from: https:\/\/lillehaveli.no\/heggedal\/join-our-team\/||et_pb_line_break_holder||Full name: %%full_name%%||et_pb_line_break_holder||Email: %%email_address%%||et_pb_line_break_holder||Mobile number: %%mobile_number%%||et_pb_line_break_holder||Position: %%position_for_which_you_are_applying_for%%||et_pb_line_break_holder||File URL: %%custom_file_upload%%||et_pb_line_break_holder||Message: %%message%%&#8221; success_message=&#8221;<\/p>\n<p><strong>Thanks for your interest in working with us. Your application has been received.<\/strong><\/p>\n<p><strong>We will review your application and contact in case the process goes further.<\/strong><\/p>\n<\/p>\n<p>&#8221; submit_button_text=&#8221; S\u00f8k n\u00e5&#8221; _builder_version=&#8221;4.27.2&#8243; _module_preset=&#8221;default&#8221; _unique_id=&#8221;b0fd89d2-27c8-4a97-833a-15349ca3eef0&#8243; form_field_background_color=&#8221;rgba(237,237,237,0)&#8221; form_field_custom_padding=&#8221;18px||12px||false|false&#8221; form_field_font=&#8221;Times New Roman||||||||&#8221; form_field_font_size=&#8221;16px&#8221; background_color=&#8221;rgba(60,6,4,0)&#8221; custom_button=&#8221;on&#8221; button_text_color=&#8221;#ffffff&#8221; button_bg_color=&#8221;#c5a572&#8243; button_border_width=&#8221;0px&#8221; button_use_icon=&#8221;off&#8221; min_height=&#8221;692px&#8221; custom_padding=&#8221;||||true|true&#8221; hover_enabled=&#8221;0&#8243; border_width_all=&#8221;1px&#8221; border_color_all=&#8221;#cccccc&#8221; locked=&#8221;off&#8221; global_colors_info=&#8221;{}&#8221; sticky_enabled=&#8221;0&#8243;][et_pb_contact_field field_id=&#8221;full_name&#8221; field_title=&#8221;Fullt navn&#8221; fullwidth_field=&#8221;on&#8221; _builder_version=&#8221;4.27.2&#8243; _module_preset=&#8221;default&#8221; global_colors_info=&#8221;{}&#8221;][\/et_pb_contact_field][et_pb_contact_field field_id=&#8221;email_address&#8221; field_title=&#8221;E-post&#8221; field_type=&#8221;email&#8221; _builder_version=&#8221;4.27.2&#8243; _module_preset=&#8221;default&#8221; global_colors_info=&#8221;{}&#8221;][\/et_pb_contact_field][et_pb_contact_field field_id=&#8221;mobile_number&#8221; field_title=&#8221;Mobilnr&#8221; _builder_version=&#8221;4.27.2&#8243; _module_preset=&#8221;default&#8221; global_colors_info=&#8221;{}&#8221;][\/et_pb_contact_field][et_pb_contact_field field_id=&#8221;position_for_which_you_are_applying_for&#8221; field_title=&#8221;Stillingen du s\u00f8ker p\u00e5&#8221; field_type=&#8221;select&#8221; select_options=&#8221;%91{%22value%22:%22Kj\u00f8kkenassistent for rengj\u00f8ring%22,%22checked%22:0,%22dragID%22:-1},{%22value%22:%22Servit\u00f8r%22,%22checked%22:0,%22dragID%22:0},{%22value%22:%22 \u00c5pen s\u00f8knad%22,%22checked%22:0,%22dragID%22:1}%93&#8243; fullwidth_field=&#8221;on&#8221; _builder_version=&#8221;4.27.2&#8243; _module_preset=&#8221;default&#8221; hover_enabled=&#8221;0&#8243; global_colors_info=&#8221;{}&#8221; sticky_enabled=&#8221;0&#8243;][\/et_pb_contact_field][et_pb_contact_field field_id=&#8221;custom_file_upload&#8221; field_title=&#8221;Last opp CV, referansebrev eller annen informasjon&#8221; fullwidth_field=&#8221;on&#8221; _builder_version=&#8221;4.27.2&#8243; _module_preset=&#8221;default&#8221; use_file_upload=&#8221;on&#8221; file_size=&#8221;6000&#8243; files_limit=&#8221;4&#8243; file_mime=&#8221;on|off|off|off|off|off|off|off|off|off|off|off|off|off|off|off|off|off|off|off|off|off|off|off|off|off|off|off|off|off|off|off|off|off|off|off|off|off|off|off|off|off|off|off|off|on|off|off|off|off|off|off|off|off|off|off|off|off|off|off|on|off|off|off|off|off|off|off|off|off|on|off|off|off|off|off|off|off|off|off|off|off|off|off|off|off|off|off|off|off|off|off|off&#8221; global_colors_info=&#8221;{}&#8221;][\/et_pb_contact_field][et_pb_contact_field field_id=&#8221;message&#8221; field_title=&#8221;Beskjed&#8221; field_type=&#8221;text&#8221; required_mark=&#8221;off&#8221; fullwidth_field=&#8221;on&#8221; _builder_version=&#8221;4.27.2&#8243; global_colors_info=&#8221;{}&#8221; button_text_size__hover_enabled=&#8221;off&#8221; button_one_text_size__hover_enabled=&#8221;off&#8221; button_two_text_size__hover_enabled=&#8221;off&#8221; button_text_color__hover_enabled=&#8221;off&#8221; button_one_text_color__hover_enabled=&#8221;off&#8221; button_two_text_color__hover_enabled=&#8221;off&#8221; button_border_width__hover_enabled=&#8221;off&#8221; button_one_border_width__hover_enabled=&#8221;off&#8221; button_two_border_width__hover_enabled=&#8221;off&#8221; button_border_color__hover_enabled=&#8221;off&#8221; button_one_border_color__hover_enabled=&#8221;off&#8221; button_two_border_color__hover_enabled=&#8221;off&#8221; button_border_radius__hover_enabled=&#8221;off&#8221; button_one_border_radius__hover_enabled=&#8221;off&#8221; button_two_border_radius__hover_enabled=&#8221;off&#8221; button_letter_spacing__hover_enabled=&#8221;off&#8221; button_one_letter_spacing__hover_enabled=&#8221;off&#8221; button_two_letter_spacing__hover_enabled=&#8221;off&#8221; button_bg_color__hover_enabled=&#8221;off&#8221; button_one_bg_color__hover_enabled=&#8221;off&#8221; button_two_bg_color__hover_enabled=&#8221;off&#8221;][\/et_pb_contact_field][\/et_pb_contact_form][\/et_pb_column][\/et_pb_row][\/et_pb_section]<\/p>\n","protected":false},"excerpt":{"rendered":"<p>Sted: Lille Haveli, Heggedal Arbeidsoppgaver: Rengj\u00f8ring og vedlikehold av kj\u00f8kkenet for \u00e5 sikre h\u00f8ye hygienestandarder. Assistere kokken med forberedelser og andre oppgaver ved behov. S\u00f8rge for at kj\u00f8kkenredskaper og utstyr alltid er rene og tilgjengelige. Holde arbeidsomr\u00e5dene ryddige og organiserte. H\u00e5ndtering av avfall og s\u00f8rge for korrekt avfallsh\u00e5ndtering. Kvalifikasjoner: Erfaring fra en lignende rolle er [&hellip;]<\/p>\n","protected":false},"author":59,"featured_media":0,"parent":0,"menu_order":0,"comment_status":"closed","ping_status":"closed","template":"","meta":{"_acf_changed":false,"_et_pb_use_builder":"on","_et_pb_old_content":"","_et_gb_content_width":"","footnotes":""},"class_list":["post-5385","page","type-page","status-publish","hentry"],"acf":[],"yoast_head":"<!-- This site is optimized with the Yoast SEO plugin v27.2 - https:\/\/yoast.com\/product\/yoast-seo-wordpress\/ -->\n<title>Join Our Team - Lille Haveli - Heggedal<\/title>\n<meta name=\"description\" content=\"Join our team . We offer a friendly work environment, where you do your best, and contribute to growth for team while delighting customers.\" \/>\n<meta name=\"robots\" content=\"index, follow, max-snippet:-1, max-image-preview:large, max-video-preview:-1\" \/>\n<link rel=\"canonical\" href=\"https:\/\/lillehaveli.no\/heggedal\/join-our-team\/\" \/>\n<meta property=\"og:locale\" content=\"en_GB\" \/>\n<meta property=\"og:type\" content=\"article\" \/>\n<meta property=\"og:title\" content=\"Join Our Team - Lille Haveli - Heggedal\" \/>\n<meta property=\"og:description\" content=\"Join our team . We offer a friendly work environment, where you do your best, and contribute to growth for team while delighting customers.\" \/>\n<meta property=\"og:url\" content=\"https:\/\/lillehaveli.no\/heggedal\/join-our-team\/\" \/>\n<meta property=\"og:site_name\" content=\"Lille Haveli - Heggedal\" \/>\n<meta property=\"article:publisher\" content=\"https:\/\/www.facebook.com\/lillehaveli\" \/>\n<meta property=\"article:modified_time\" content=\"2024-11-15T13:05:15+00:00\" \/>\n<meta name=\"twitter:card\" content=\"summary_large_image\" \/>\n<meta name=\"twitter:label1\" content=\"Estimated reading time\" \/>\n\t<meta name=\"twitter:data1\" content=\"3 minutes\" \/>\n<script type=\"application\/ld+json\" class=\"yoast-schema-graph\">{\"@context\":\"https:\/\/schema.org\",\"@graph\":[{\"@type\":\"WebPage\",\"@id\":\"https:\/\/lillehaveli.no\/heggedal\/join-our-team\/\",\"url\":\"https:\/\/lillehaveli.no\/heggedal\/join-our-team\/\",\"name\":\"Join Our Team - Lille Haveli - Heggedal\",\"isPartOf\":{\"@id\":\"https:\/\/lillehaveli.no\/heggedal\/#website\"},\"datePublished\":\"2024-08-29T11:01:24+00:00\",\"dateModified\":\"2024-11-15T13:05:15+00:00\",\"description\":\"Join our team . We offer a friendly work environment, where you do your best, and contribute to growth for team while delighting customers.\",\"inLanguage\":\"en-GB\",\"potentialAction\":[{\"@type\":\"ReadAction\",\"target\":[\"https:\/\/lillehaveli.no\/heggedal\/join-our-team\/\"]}]},{\"@type\":\"WebSite\",\"@id\":\"https:\/\/lillehaveli.no\/heggedal\/#website\",\"url\":\"https:\/\/lillehaveli.no\/heggedal\/\",\"name\":\"Lille Haveli - Heggedal\",\"description\":\"Ekte indisk opplevelsen i Asker sentrum\",\"publisher\":{\"@id\":\"https:\/\/lillehaveli.no\/heggedal\/#organization\"},\"potentialAction\":[{\"@type\":\"SearchAction\",\"target\":{\"@type\":\"EntryPoint\",\"urlTemplate\":\"https:\/\/lillehaveli.no\/heggedal\/?s={search_term_string}\"},\"query-input\":{\"@type\":\"PropertyValueSpecification\",\"valueRequired\":true,\"valueName\":\"search_term_string\"}}],\"inLanguage\":\"en-GB\"},{\"@type\":\"Organization\",\"@id\":\"https:\/\/lillehaveli.no\/heggedal\/#organization\",\"name\":\"Lille Haveli - Heggedal\",\"url\":\"https:\/\/lillehaveli.no\/heggedal\/\",\"logo\":{\"@type\":\"ImageObject\",\"inLanguage\":\"en-GB\",\"@id\":\"https:\/\/lillehaveli.no\/heggedal\/#\/schema\/logo\/image\/\",\"url\":\"https:\/\/lillehaveli.no\/wp-content\/uploads\/2023\/02\/haveliLogo-1.jpg\",\"contentUrl\":\"https:\/\/lillehaveli.no\/wp-content\/uploads\/2023\/02\/haveliLogo-1.jpg\",\"width\":1365,\"height\":1365,\"caption\":\"Lille Haveli - Heggedal\"},\"image\":{\"@id\":\"https:\/\/lillehaveli.no\/heggedal\/#\/schema\/logo\/image\/\"},\"sameAs\":[\"https:\/\/www.facebook.com\/lillehaveli\"]}]}<\/script>\n<!-- \/ Yoast SEO plugin. -->","yoast_head_json":{"title":"Join Our Team - Lille Haveli - Heggedal","description":"Join our team . We offer a friendly work environment, where you do your best, and contribute to growth for team while delighting customers.","robots":{"index":"index","follow":"follow","max-snippet":"max-snippet:-1","max-image-preview":"max-image-preview:large","max-video-preview":"max-video-preview:-1"},"canonical":"https:\/\/lillehaveli.no\/heggedal\/join-our-team\/","og_locale":"en_GB","og_type":"article","og_title":"Join Our Team - Lille Haveli - Heggedal","og_description":"Join our team . We offer a friendly work environment, where you do your best, and contribute to growth for team while delighting customers.","og_url":"https:\/\/lillehaveli.no\/heggedal\/join-our-team\/","og_site_name":"Lille Haveli - Heggedal","article_publisher":"https:\/\/www.facebook.com\/lillehaveli","article_modified_time":"2024-11-15T13:05:15+00:00","twitter_card":"summary_large_image","twitter_misc":{"Estimated reading time":"3 minutes"},"schema":{"@context":"https:\/\/schema.org","@graph":[{"@type":"WebPage","@id":"https:\/\/lillehaveli.no\/heggedal\/join-our-team\/","url":"https:\/\/lillehaveli.no\/heggedal\/join-our-team\/","name":"Join Our Team - Lille Haveli - Heggedal","isPartOf":{"@id":"https:\/\/lillehaveli.no\/heggedal\/#website"},"datePublished":"2024-08-29T11:01:24+00:00","dateModified":"2024-11-15T13:05:15+00:00","description":"Join our team . We offer a friendly work environment, where you do your best, and contribute to growth for team while delighting customers.","inLanguage":"en-GB","potentialAction":[{"@type":"ReadAction","target":["https:\/\/lillehaveli.no\/heggedal\/join-our-team\/"]}]},{"@type":"WebSite","@id":"https:\/\/lillehaveli.no\/heggedal\/#website","url":"https:\/\/lillehaveli.no\/heggedal\/","name":"Lille Haveli - Heggedal","description":"Ekte indisk opplevelsen i Asker sentrum","publisher":{"@id":"https:\/\/lillehaveli.no\/heggedal\/#organization"},"potentialAction":[{"@type":"SearchAction","target":{"@type":"EntryPoint","urlTemplate":"https:\/\/lillehaveli.no\/heggedal\/?s={search_term_string}"},"query-input":{"@type":"PropertyValueSpecification","valueRequired":true,"valueName":"search_term_string"}}],"inLanguage":"en-GB"},{"@type":"Organization","@id":"https:\/\/lillehaveli.no\/heggedal\/#organization","name":"Lille Haveli - Heggedal","url":"https:\/\/lillehaveli.no\/heggedal\/","logo":{"@type":"ImageObject","inLanguage":"en-GB","@id":"https:\/\/lillehaveli.no\/heggedal\/#\/schema\/logo\/image\/","url":"https:\/\/lillehaveli.no\/wp-content\/uploads\/2023\/02\/haveliLogo-1.jpg","contentUrl":"https:\/\/lillehaveli.no\/wp-content\/uploads\/2023\/02\/haveliLogo-1.jpg","width":1365,"height":1365,"caption":"Lille Haveli - Heggedal"},"image":{"@id":"https:\/\/lillehaveli.no\/heggedal\/#\/schema\/logo\/image\/"},"sameAs":["https:\/\/www.facebook.com\/lillehaveli"]}]}},"_links":{"self":[{"href":"https:\/\/lillehaveli.no\/heggedal\/wp-json\/wp\/v2\/pages\/5385","targetHints":{"allow":["GET"]}}],"collection":[{"href":"https:\/\/lillehaveli.no\/heggedal\/wp-json\/wp\/v2\/pages"}],"about":[{"href":"https:\/\/lillehaveli.no\/heggedal\/wp-json\/wp\/v2\/types\/page"}],"author":[{"embeddable":true,"href":"https:\/\/lillehaveli.no\/heggedal\/wp-json\/wp\/v2\/users\/59"}],"replies":[{"embeddable":true,"href":"https:\/\/lillehaveli.no\/heggedal\/wp-json\/wp\/v2\/comments?post=5385"}],"version-history":[{"count":27,"href":"https:\/\/lillehaveli.no\/heggedal\/wp-json\/wp\/v2\/pages\/5385\/revisions"}],"predecessor-version":[{"id":6450,"href":"https:\/\/lillehaveli.no\/heggedal\/wp-json\/wp\/v2\/pages\/5385\/revisions\/6450"}],"wp:attachment":[{"href":"https:\/\/lillehaveli.no\/heggedal\/wp-json\/wp\/v2\/media?parent=5385"}],"curies":[{"name":"wp","href":"https:\/\/api.w.org\/{rel}","templated":true}]}}