
{"id":3613,"date":"2023-02-09T21:18:31","date_gmt":"2023-02-09T20:18:31","guid":{"rendered":"http:\/\/lillehaveli.no\/?page_id=3613"},"modified":"2025-05-20T10:23:52","modified_gmt":"2025-05-20T08:23:52","slug":"om-oss","status":"publish","type":"page","link":"https:\/\/lillehaveli.no\/heggedal\/om-oss\/","title":{"rendered":"Om Oss"},"content":{"rendered":"<p>[et_pb_section fb_built=&#8221;1&#8243; fullwidth=&#8221;on&#8221; disabled_on=&#8221;on|on|on&#8221; _builder_version=&#8221;4.26.1&#8243; _module_preset=&#8221;default&#8221; background_color=&#8221;rgba(0,0,0,0)&#8221; background_image=&#8221;https:\/\/lillehaveli.no\/wp-content\/uploads\/2023\/04\/Web-1920-\u2013-1.jpg&#8221; background_blend=&#8221;overlay&#8221; border_color_top=&#8221;gcid-e1a712c1-41a1-4b29-889d-3c5453fb5ff3&#8243; border_width_bottom=&#8221;1px&#8221; disabled=&#8221;on&#8221; global_colors_info=&#8221;{%22gcid-e1a712c1-41a1-4b29-889d-3c5453fb5ff3%22:%91%22border_color_top%22%93}&#8221;][et_pb_fullwidth_header text_orientation=&#8221;center&#8221; background_overlay_color=&#8221;RGBA(255,255,255,0)&#8221; _builder_version=&#8221;4.19.5&#8243; _module_preset=&#8221;default&#8221; title_font=&#8221;Bellefair||||||||&#8221; title_text_color=&#8221;#FFFFFF&#8221; title_font_size=&#8221;50px&#8221; title_line_height=&#8221;1.6em&#8221; content_font=&#8221;Bellefair||||||||&#8221; content_text_color=&#8221;#FFFFFF&#8221; content_font_size=&#8221;30px&#8221; background_enable_color=&#8221;off&#8221; custom_padding=&#8221;100px||300px||false|false&#8221; global_colors_info=&#8221;{}&#8221;][\/et_pb_fullwidth_header][\/et_pb_section][et_pb_section fb_built=&#8221;1&#8243; custom_padding_last_edited=&#8221;on|tablet&#8221; admin_label=&#8221;About&#8221; _builder_version=&#8221;4.19.5&#8243; background_color=&#8221;#121d27&#8243; overflow-x=&#8221;hidden&#8221; overflow-y=&#8221;hidden&#8221; custom_padding=&#8221;50px||50px||false|false&#8221; custom_padding_tablet=&#8221;50px||50px||false|false&#8221; custom_padding_phone=&#8221;50px||50px||false|false&#8221; border_width_bottom=&#8221;2px&#8221; locked=&#8221;off&#8221; global_colors_info=&#8221;{}&#8221;][et_pb_row column_structure=&#8221;1_4,1_2,1_4&#8243; _builder_version=&#8221;4.19.5&#8243; _module_preset=&#8221;default&#8221; background_enable_color=&#8221;off&#8221; background_image=&#8221;https:\/\/lillehaveli.no\/wp-content\/uploads\/2023\/02\/row-bgimage-19.jpg&#8221; background_last_edited=&#8221;on|phone&#8221; background_enable_image_tablet=&#8221;off&#8221; background_enable_image_phone=&#8221;off&#8221; global_colors_info=&#8221;{}&#8221;][et_pb_column type=&#8221;1_4&#8243; _builder_version=&#8221;4.19.5&#8243; _module_preset=&#8221;default&#8221; global_colors_info=&#8221;{}&#8221;][\/et_pb_column][et_pb_column type=&#8221;1_2&#8243; _builder_version=&#8221;4.19.5&#8243; _module_preset=&#8221;default&#8221; global_colors_info=&#8221;{}&#8221;][et_pb_text _builder_version=&#8221;4.27.4&#8243; _module_preset=&#8221;default&#8221; text_text_color=&#8221;#afafaf&#8221; header_2_font=&#8221;Bellefair||||||||&#8221; header_2_text_color=&#8221;#FFFFFF&#8221; header_2_font_size=&#8221;34px&#8221; header_2_line_height=&#8221;1.4em&#8221; header_3_text_color=&#8221;gcid-e1a712c1-41a1-4b29-889d-3c5453fb5ff3&#8243; header_3_font_size=&#8221;16px&#8221; background_color=&#8221;gcid-6de14117-b755-4c0b-b5aa-cdb28355caee&#8221; position_origin_a=&#8221;top_center&#8221; vertical_offset=&#8221;0px&#8221; horizontal_offset=&#8221;0px&#8221; width=&#8221;100%&#8221; custom_margin=&#8221;|0px||0px|false|false&#8221; custom_padding=&#8221;39px|30px|40px|30px|false|false&#8221; custom_padding_tablet=&#8221;40px||||false|false&#8221; custom_padding_phone=&#8221;30px|15px|30px|15px|false|false&#8221; custom_padding_last_edited=&#8221;on|phone&#8221; hover_enabled=&#8221;0&#8243; border_width_all=&#8221;1px&#8221; border_color_all=&#8221;gcid-e1a712c1-41a1-4b29-889d-3c5453fb5ff3&#8243; border_style_all=&#8221;dashed&#8221; global_colors_info=&#8221;{%22gcid-6de14117-b755-4c0b-b5aa-cdb28355caee%22:%91%22background_color%22%93,%22gcid-e1a712c1-41a1-4b29-889d-3c5453fb5ff3%22:%91%22border_color_all%22,%22header_3_text_color%22%93}&#8221; sticky_enabled=&#8221;0&#8243;]<\/p>\n<h3 style=\"text-align: center;\">V\u00e5r Historie<\/h3>\n<h2 style=\"text-align: center;\">Velkommen til Lille Haveli Heggedal<\/h2>\n<p><img decoding=\"async\" class=\"wp-image-3617 alignnone size-medium\" style=\"display: block; margin-left: auto; margin-right: auto;\" src=\"https:\/\/lillehaveli.no\/wp-content\/uploads\/2023\/02\/bar-300x35.png\" alt=\"\" width=\"171\" height=\"20\" \/><\/p>\n<p style=\"text-align: center;\">Lille Haveli er en sjarmerende indisk restaurant i Heggedal som spesialiserer seg p\u00e5 autentisk indisk mat. Vi inviterer deg til en uforglemmelig matopplevelse med spennende smaker og en koselig atmosf\u00e6re.<\/p>\n<p style=\"text-align: center;\">Hos Lille Haveli f\u00e5r du de ekte indiske smakene rett til hjertet av Norge. Vi tilbyr deilige retter som vil pirre smaksl\u00f8kene dine og gi deg en smak av India. Enten du er vegetarianer eller foretrekker kj\u00f8tt, har vi noe for alle.<\/p>\n<p style=\"text-align: center;\">I tillegg til v\u00e5r innbydende restaurant tilbyr vi ogs\u00e5 takeaway, slik at du kan nyte v\u00e5re herlige indiske retter hjemme. Kom og opplev Lille Haveli, hvor vi gleder oss til \u00e5 dele v\u00e5r lidenskap for indisk mat med deg.<\/p>\n<p style=\"text-align: center;\"><a href=\"https:\/\/reservasn.online\/bookings\/?q=NTI=\">Reserver Bord<\/a><\/p>\n<h3 style=\"text-align: center; margin-top: 30px;\">\u00c5pningstider<\/h3>\n<div id=\"all-details\" style=\"text-align: center;\"><div id=\"all-details\" style=\"text-align: center; color: #c5a572;\"><p><span>SUNDAY \u2013 SATURDAY:<\/span><span> 03:00 PM \u2013 10:00 PM<\/span><\/p><p><span>MONDAY:<\/span><span> CLOSED<\/span><\/p><\/div><\/div>\n<p>[\/et_pb_text][\/et_pb_column][et_pb_column type=&#8221;1_4&#8243; _builder_version=&#8221;4.19.5&#8243; _module_preset=&#8221;default&#8221; global_colors_info=&#8221;{}&#8221;][\/et_pb_column][\/et_pb_row][\/et_pb_section]<\/p>\n","protected":false},"excerpt":{"rendered":"<p>V\u00e5r Historie Velkommen til Lille Haveli Heggedal Lille Haveli er en sjarmerende indisk restaurant i Heggedal som spesialiserer seg p\u00e5 autentisk indisk mat. Vi inviterer deg til en uforglemmelig matopplevelse med spennende smaker og en koselig atmosf\u00e6re. Hos Lille Haveli f\u00e5r du de ekte indiske smakene rett til hjertet av Norge. Vi tilbyr deilige retter [&hellip;]<\/p>\n","protected":false},"author":59,"featured_media":0,"parent":0,"menu_order":0,"comment_status":"closed","ping_status":"closed","template":"","meta":{"_acf_changed":false,"_et_pb_use_builder":"on","_et_pb_old_content":"","_et_gb_content_width":"","footnotes":""},"class_list":["post-3613","page","type-page","status-publish","hentry"],"acf":[],"yoast_head":"<!-- This site is optimized with the Yoast SEO plugin v27.2 - https:\/\/yoast.com\/product\/yoast-seo-wordpress\/ -->\n<title>Om Oss - Lille Haveli - Heggedal<\/title>\n<meta name=\"description\" content=\"Lille Haveli Heggedal er en sjarmerende indisk restaurant i Heggedal som spesialiserer seg p\u00e5 autentisk indisk mat.\" \/>\n<meta name=\"robots\" content=\"index, follow, max-snippet:-1, max-image-preview:large, max-video-preview:-1\" \/>\n<link rel=\"canonical\" href=\"https:\/\/lillehaveli.no\/heggedal\/om-oss\/\" \/>\n<meta property=\"og:locale\" content=\"en_GB\" \/>\n<meta property=\"og:type\" content=\"article\" \/>\n<meta property=\"og:title\" content=\"Om Oss - Lille Haveli - Heggedal\" \/>\n<meta property=\"og:description\" content=\"Lille Haveli Heggedal er en sjarmerende indisk restaurant i Heggedal som spesialiserer seg p\u00e5 autentisk indisk mat.\" \/>\n<meta property=\"og:url\" content=\"https:\/\/lillehaveli.no\/heggedal\/om-oss\/\" \/>\n<meta property=\"og:site_name\" content=\"Lille Haveli - Heggedal\" \/>\n<meta property=\"article:publisher\" content=\"https:\/\/www.facebook.com\/lillehaveli\" \/>\n<meta property=\"article:modified_time\" content=\"2025-05-20T08:23:52+00:00\" \/>\n<meta property=\"og:image\" content=\"https:\/\/lillehaveli.no\/heggedal\/wp-content\/uploads\/2023\/02\/bar.png\" \/>\n\t<meta property=\"og:image:width\" content=\"776\" \/>\n\t<meta property=\"og:image:height\" content=\"90\" \/>\n\t<meta property=\"og:image:type\" content=\"image\/png\" \/>\n<meta name=\"twitter:card\" content=\"summary_large_image\" \/>\n<meta name=\"twitter:label1\" content=\"Estimated reading time\" \/>\n\t<meta name=\"twitter:data1\" content=\"1 minute\" \/>\n<script type=\"application\/ld+json\" class=\"yoast-schema-graph\">{\"@context\":\"https:\/\/schema.org\",\"@graph\":[{\"@type\":\"WebPage\",\"@id\":\"https:\/\/lillehaveli.no\/heggedal\/om-oss\/\",\"url\":\"https:\/\/lillehaveli.no\/heggedal\/om-oss\/\",\"name\":\"Om Oss - Lille Haveli - Heggedal\",\"isPartOf\":{\"@id\":\"https:\/\/lillehaveli.no\/heggedal\/#website\"},\"primaryImageOfPage\":{\"@id\":\"https:\/\/lillehaveli.no\/heggedal\/om-oss\/#primaryimage\"},\"image\":{\"@id\":\"https:\/\/lillehaveli.no\/heggedal\/om-oss\/#primaryimage\"},\"thumbnailUrl\":\"https:\/\/lillehaveli.no\/wp-content\/uploads\/2023\/02\/bar-300x35.png\",\"datePublished\":\"2023-02-09T20:18:31+00:00\",\"dateModified\":\"2025-05-20T08:23:52+00:00\",\"description\":\"Lille Haveli Heggedal er en sjarmerende indisk restaurant i Heggedal som spesialiserer seg p\u00e5 autentisk indisk mat.\",\"inLanguage\":\"en-GB\",\"potentialAction\":[{\"@type\":\"ReadAction\",\"target\":[\"https:\/\/lillehaveli.no\/heggedal\/om-oss\/\"]}]},{\"@type\":\"ImageObject\",\"inLanguage\":\"en-GB\",\"@id\":\"https:\/\/lillehaveli.no\/heggedal\/om-oss\/#primaryimage\",\"url\":\"https:\/\/lillehaveli.no\/wp-content\/uploads\/2023\/02\/bar-300x35.png\",\"contentUrl\":\"https:\/\/lillehaveli.no\/wp-content\/uploads\/2023\/02\/bar-300x35.png\"},{\"@type\":\"WebSite\",\"@id\":\"https:\/\/lillehaveli.no\/heggedal\/#website\",\"url\":\"https:\/\/lillehaveli.no\/heggedal\/\",\"name\":\"Lille Haveli - Heggedal\",\"description\":\"Ekte indisk opplevelsen i Asker sentrum\",\"publisher\":{\"@id\":\"https:\/\/lillehaveli.no\/heggedal\/#organization\"},\"potentialAction\":[{\"@type\":\"SearchAction\",\"target\":{\"@type\":\"EntryPoint\",\"urlTemplate\":\"https:\/\/lillehaveli.no\/heggedal\/?s={search_term_string}\"},\"query-input\":{\"@type\":\"PropertyValueSpecification\",\"valueRequired\":true,\"valueName\":\"search_term_string\"}}],\"inLanguage\":\"en-GB\"},{\"@type\":\"Organization\",\"@id\":\"https:\/\/lillehaveli.no\/heggedal\/#organization\",\"name\":\"Lille Haveli - Heggedal\",\"url\":\"https:\/\/lillehaveli.no\/heggedal\/\",\"logo\":{\"@type\":\"ImageObject\",\"inLanguage\":\"en-GB\",\"@id\":\"https:\/\/lillehaveli.no\/heggedal\/#\/schema\/logo\/image\/\",\"url\":\"https:\/\/lillehaveli.no\/wp-content\/uploads\/2023\/02\/haveliLogo-1.jpg\",\"contentUrl\":\"https:\/\/lillehaveli.no\/wp-content\/uploads\/2023\/02\/haveliLogo-1.jpg\",\"width\":1365,\"height\":1365,\"caption\":\"Lille Haveli - Heggedal\"},\"image\":{\"@id\":\"https:\/\/lillehaveli.no\/heggedal\/#\/schema\/logo\/image\/\"},\"sameAs\":[\"https:\/\/www.facebook.com\/lillehaveli\"]}]}<\/script>\n<!-- \/ Yoast SEO plugin. -->","yoast_head_json":{"title":"Om Oss - Lille Haveli - Heggedal","description":"Lille Haveli Heggedal er en sjarmerende indisk restaurant i Heggedal som spesialiserer seg p\u00e5 autentisk indisk mat.","robots":{"index":"index","follow":"follow","max-snippet":"max-snippet:-1","max-image-preview":"max-image-preview:large","max-video-preview":"max-video-preview:-1"},"canonical":"https:\/\/lillehaveli.no\/heggedal\/om-oss\/","og_locale":"en_GB","og_type":"article","og_title":"Om Oss - Lille Haveli - Heggedal","og_description":"Lille Haveli Heggedal er en sjarmerende indisk restaurant i Heggedal som spesialiserer seg p\u00e5 autentisk indisk mat.","og_url":"https:\/\/lillehaveli.no\/heggedal\/om-oss\/","og_site_name":"Lille Haveli - Heggedal","article_publisher":"https:\/\/www.facebook.com\/lillehaveli","article_modified_time":"2025-05-20T08:23:52+00:00","og_image":[{"width":776,"height":90,"url":"https:\/\/lillehaveli.no\/heggedal\/wp-content\/uploads\/2023\/02\/bar.png","type":"image\/png"}],"twitter_card":"summary_large_image","twitter_misc":{"Estimated reading time":"1 minute"},"schema":{"@context":"https:\/\/schema.org","@graph":[{"@type":"WebPage","@id":"https:\/\/lillehaveli.no\/heggedal\/om-oss\/","url":"https:\/\/lillehaveli.no\/heggedal\/om-oss\/","name":"Om Oss - Lille Haveli - Heggedal","isPartOf":{"@id":"https:\/\/lillehaveli.no\/heggedal\/#website"},"primaryImageOfPage":{"@id":"https:\/\/lillehaveli.no\/heggedal\/om-oss\/#primaryimage"},"image":{"@id":"https:\/\/lillehaveli.no\/heggedal\/om-oss\/#primaryimage"},"thumbnailUrl":"https:\/\/lillehaveli.no\/wp-content\/uploads\/2023\/02\/bar-300x35.png","datePublished":"2023-02-09T20:18:31+00:00","dateModified":"2025-05-20T08:23:52+00:00","description":"Lille Haveli Heggedal er en sjarmerende indisk restaurant i Heggedal som spesialiserer seg p\u00e5 autentisk indisk mat.","inLanguage":"en-GB","potentialAction":[{"@type":"ReadAction","target":["https:\/\/lillehaveli.no\/heggedal\/om-oss\/"]}]},{"@type":"ImageObject","inLanguage":"en-GB","@id":"https:\/\/lillehaveli.no\/heggedal\/om-oss\/#primaryimage","url":"https:\/\/lillehaveli.no\/wp-content\/uploads\/2023\/02\/bar-300x35.png","contentUrl":"https:\/\/lillehaveli.no\/wp-content\/uploads\/2023\/02\/bar-300x35.png"},{"@type":"WebSite","@id":"https:\/\/lillehaveli.no\/heggedal\/#website","url":"https:\/\/lillehaveli.no\/heggedal\/","name":"Lille Haveli - Heggedal","description":"Ekte indisk opplevelsen i Asker sentrum","publisher":{"@id":"https:\/\/lillehaveli.no\/heggedal\/#organization"},"potentialAction":[{"@type":"SearchAction","target":{"@type":"EntryPoint","urlTemplate":"https:\/\/lillehaveli.no\/heggedal\/?s={search_term_string}"},"query-input":{"@type":"PropertyValueSpecification","valueRequired":true,"valueName":"search_term_string"}}],"inLanguage":"en-GB"},{"@type":"Organization","@id":"https:\/\/lillehaveli.no\/heggedal\/#organization","name":"Lille Haveli - Heggedal","url":"https:\/\/lillehaveli.no\/heggedal\/","logo":{"@type":"ImageObject","inLanguage":"en-GB","@id":"https:\/\/lillehaveli.no\/heggedal\/#\/schema\/logo\/image\/","url":"https:\/\/lillehaveli.no\/wp-content\/uploads\/2023\/02\/haveliLogo-1.jpg","contentUrl":"https:\/\/lillehaveli.no\/wp-content\/uploads\/2023\/02\/haveliLogo-1.jpg","width":1365,"height":1365,"caption":"Lille Haveli - Heggedal"},"image":{"@id":"https:\/\/lillehaveli.no\/heggedal\/#\/schema\/logo\/image\/"},"sameAs":["https:\/\/www.facebook.com\/lillehaveli"]}]}},"_links":{"self":[{"href":"https:\/\/lillehaveli.no\/heggedal\/wp-json\/wp\/v2\/pages\/3613","targetHints":{"allow":["GET"]}}],"collection":[{"href":"https:\/\/lillehaveli.no\/heggedal\/wp-json\/wp\/v2\/pages"}],"about":[{"href":"https:\/\/lillehaveli.no\/heggedal\/wp-json\/wp\/v2\/types\/page"}],"author":[{"embeddable":true,"href":"https:\/\/lillehaveli.no\/heggedal\/wp-json\/wp\/v2\/users\/59"}],"replies":[{"embeddable":true,"href":"https:\/\/lillehaveli.no\/heggedal\/wp-json\/wp\/v2\/comments?post=3613"}],"version-history":[{"count":33,"href":"https:\/\/lillehaveli.no\/heggedal\/wp-json\/wp\/v2\/pages\/3613\/revisions"}],"predecessor-version":[{"id":7981,"href":"https:\/\/lillehaveli.no\/heggedal\/wp-json\/wp\/v2\/pages\/3613\/revisions\/7981"}],"wp:attachment":[{"href":"https:\/\/lillehaveli.no\/heggedal\/wp-json\/wp\/v2\/media?parent=3613"}],"curies":[{"name":"wp","href":"https:\/\/api.w.org\/{rel}","templated":true}]}}