
{"id":4027,"date":"2023-08-08T12:11:39","date_gmt":"2023-08-08T10:11:39","guid":{"rendered":"https:\/\/lillehaveli.no\/?post_type=product&#038;p=4027"},"modified":"2024-11-11T14:18:38","modified_gmt":"2024-11-11T13:18:38","slug":"lamb-saag","status":"publish","type":"product","link":"https:\/\/lillehaveli.no\/asker\/product\/lamb-saag\/","title":{"rendered":"LAMB SAAG"},"content":{"rendered":"<p>Lammekj\u00f8tt tilberedt i spinatsaus med fl\u00f8te, r\u00f8mme, ingef\u00e6r, l\u00f8k.<\/p>\n","protected":false},"excerpt":{"rendered":"<p>Lammekj\u00f8tt tilberedt i spinatsaus med fl\u00f8te, r\u00f8mme, ingef\u00e6r, l\u00f8k.<\/p>\n","protected":false},"featured_media":4279,"comment_status":"open","ping_status":"closed","template":"","meta":{"_acf_changed":false,"_et_pb_use_builder":"","_et_pb_old_content":"","_et_gb_content_width":""},"product_brand":[],"product_cat":[156],"product_tag":[],"class_list":{"0":"post-4027","1":"product","2":"type-product","3":"status-publish","4":"has-post-thumbnail","6":"product_cat-lamb-curries","7":"allergy-gluten","8":"allergy-melk","10":"first","11":"instock","12":"taxable","13":"shipping-taxable","14":"purchasable","15":"product-type-simple"},"acf":[],"yoast_head":"<!-- This site is optimized with the Yoast SEO plugin v27.4 - https:\/\/yoast.com\/product\/yoast-seo-wordpress\/ -->\n<title>LAMB SAAG - Lille Haveli - Asker<\/title>\n<meta name=\"robots\" content=\"index, follow, max-snippet:-1, max-image-preview:large, max-video-preview:-1\" \/>\n<link rel=\"canonical\" href=\"https:\/\/lillehaveli.no\/asker\/product\/lamb-saag\/\" \/>\n<meta property=\"og:locale\" content=\"en_GB\" \/>\n<meta property=\"og:type\" content=\"article\" \/>\n<meta property=\"og:title\" content=\"LAMB SAAG - Lille Haveli - Asker\" \/>\n<meta property=\"og:description\" content=\"Lammekj\u00f8tt tilberedt i spinatsaus med fl\u00f8te, r\u00f8mme, ingef\u00e6r, l\u00f8k.\" \/>\n<meta property=\"og:url\" content=\"https:\/\/lillehaveli.no\/asker\/product\/lamb-saag\/\" \/>\n<meta property=\"og:site_name\" content=\"Lille Haveli - Asker\" \/>\n<meta property=\"article:publisher\" content=\"https:\/\/www.facebook.com\/lillehaveli\" \/>\n<meta property=\"article:modified_time\" content=\"2024-11-11T13:18:38+00:00\" \/>\n<meta property=\"og:image\" content=\"https:\/\/lillehaveli.no\/asker\/wp-content\/uploads\/2023\/08\/lamb-saag-min.jpg\" \/>\n\t<meta property=\"og:image:width\" content=\"750\" \/>\n\t<meta property=\"og:image:height\" content=\"489\" \/>\n\t<meta property=\"og:image:type\" content=\"image\/jpeg\" \/>\n<meta name=\"twitter:card\" content=\"summary_large_image\" \/>\n<meta name=\"twitter:label1\" content=\"Estimated reading time\" \/>\n\t<meta name=\"twitter:data1\" content=\"1 minute\" \/>\n<script type=\"application\/ld+json\" class=\"yoast-schema-graph\">{\"@context\":\"https:\\\/\\\/schema.org\",\"@graph\":[{\"@type\":\"WebPage\",\"@id\":\"https:\\\/\\\/lillehaveli.no\\\/asker\\\/product\\\/lamb-saag\\\/\",\"url\":\"https:\\\/\\\/lillehaveli.no\\\/asker\\\/product\\\/lamb-saag\\\/\",\"name\":\"LAMB SAAG - Lille Haveli - Asker\",\"isPartOf\":{\"@id\":\"https:\\\/\\\/lillehaveli.no\\\/asker\\\/#website\"},\"primaryImageOfPage\":{\"@id\":\"https:\\\/\\\/lillehaveli.no\\\/asker\\\/product\\\/lamb-saag\\\/#primaryimage\"},\"image\":{\"@id\":\"https:\\\/\\\/lillehaveli.no\\\/asker\\\/product\\\/lamb-saag\\\/#primaryimage\"},\"thumbnailUrl\":\"https:\\\/\\\/lillehaveli.no\\\/asker\\\/wp-content\\\/uploads\\\/2023\\\/08\\\/lamb-saag-min.jpg\",\"datePublished\":\"2023-08-08T10:11:39+00:00\",\"dateModified\":\"2024-11-11T13:18:38+00:00\",\"breadcrumb\":{\"@id\":\"https:\\\/\\\/lillehaveli.no\\\/asker\\\/product\\\/lamb-saag\\\/#breadcrumb\"},\"inLanguage\":\"en-GB\",\"potentialAction\":[{\"@type\":\"ReadAction\",\"target\":[\"https:\\\/\\\/lillehaveli.no\\\/asker\\\/product\\\/lamb-saag\\\/\"]}]},{\"@type\":\"ImageObject\",\"inLanguage\":\"en-GB\",\"@id\":\"https:\\\/\\\/lillehaveli.no\\\/asker\\\/product\\\/lamb-saag\\\/#primaryimage\",\"url\":\"https:\\\/\\\/lillehaveli.no\\\/asker\\\/wp-content\\\/uploads\\\/2023\\\/08\\\/lamb-saag-min.jpg\",\"contentUrl\":\"https:\\\/\\\/lillehaveli.no\\\/asker\\\/wp-content\\\/uploads\\\/2023\\\/08\\\/lamb-saag-min.jpg\",\"width\":750,\"height\":489},{\"@type\":\"BreadcrumbList\",\"@id\":\"https:\\\/\\\/lillehaveli.no\\\/asker\\\/product\\\/lamb-saag\\\/#breadcrumb\",\"itemListElement\":[{\"@type\":\"ListItem\",\"position\":1,\"name\":\"Shop\",\"item\":\"https:\\\/\\\/lillehaveli.no\\\/asker\\\/shop\\\/\"},{\"@type\":\"ListItem\",\"position\":2,\"name\":\"LAMB SAAG\"}]},{\"@type\":\"WebSite\",\"@id\":\"https:\\\/\\\/lillehaveli.no\\\/asker\\\/#website\",\"url\":\"https:\\\/\\\/lillehaveli.no\\\/asker\\\/\",\"name\":\"Lille Haveli - Asker\",\"description\":\"Ekte indisk opplevelsen i Asker sentrum\",\"publisher\":{\"@id\":\"https:\\\/\\\/lillehaveli.no\\\/asker\\\/#organization\"},\"potentialAction\":[{\"@type\":\"SearchAction\",\"target\":{\"@type\":\"EntryPoint\",\"urlTemplate\":\"https:\\\/\\\/lillehaveli.no\\\/asker\\\/?s={search_term_string}\"},\"query-input\":{\"@type\":\"PropertyValueSpecification\",\"valueRequired\":true,\"valueName\":\"search_term_string\"}}],\"inLanguage\":\"en-GB\"},{\"@type\":\"Organization\",\"@id\":\"https:\\\/\\\/lillehaveli.no\\\/asker\\\/#organization\",\"name\":\"Lille Haveli - Asker\",\"url\":\"https:\\\/\\\/lillehaveli.no\\\/asker\\\/\",\"logo\":{\"@type\":\"ImageObject\",\"inLanguage\":\"en-GB\",\"@id\":\"https:\\\/\\\/lillehaveli.no\\\/asker\\\/#\\\/schema\\\/logo\\\/image\\\/\",\"url\":\"https:\\\/\\\/lillehaveli.no\\\/wp-content\\\/uploads\\\/2023\\\/02\\\/haveliLogo-1.jpg\",\"contentUrl\":\"https:\\\/\\\/lillehaveli.no\\\/wp-content\\\/uploads\\\/2023\\\/02\\\/haveliLogo-1.jpg\",\"width\":1365,\"height\":1365,\"caption\":\"Lille Haveli - Asker\"},\"image\":{\"@id\":\"https:\\\/\\\/lillehaveli.no\\\/asker\\\/#\\\/schema\\\/logo\\\/image\\\/\"},\"sameAs\":[\"https:\\\/\\\/www.facebook.com\\\/lillehaveli\"]}]}<\/script>\n<!-- \/ Yoast SEO plugin. -->","yoast_head_json":{"title":"LAMB SAAG - Lille Haveli - Asker","robots":{"index":"index","follow":"follow","max-snippet":"max-snippet:-1","max-image-preview":"max-image-preview:large","max-video-preview":"max-video-preview:-1"},"canonical":"https:\/\/lillehaveli.no\/asker\/product\/lamb-saag\/","og_locale":"en_GB","og_type":"article","og_title":"LAMB SAAG - Lille Haveli - Asker","og_description":"Lammekj\u00f8tt tilberedt i spinatsaus med fl\u00f8te, r\u00f8mme, ingef\u00e6r, l\u00f8k.","og_url":"https:\/\/lillehaveli.no\/asker\/product\/lamb-saag\/","og_site_name":"Lille Haveli - Asker","article_publisher":"https:\/\/www.facebook.com\/lillehaveli","article_modified_time":"2024-11-11T13:18:38+00:00","og_image":[{"width":750,"height":489,"url":"https:\/\/lillehaveli.no\/asker\/wp-content\/uploads\/2023\/08\/lamb-saag-min.jpg","type":"image\/jpeg"}],"twitter_card":"summary_large_image","twitter_misc":{"Estimated reading time":"1 minute"},"schema":{"@context":"https:\/\/schema.org","@graph":[{"@type":"WebPage","@id":"https:\/\/lillehaveli.no\/asker\/product\/lamb-saag\/","url":"https:\/\/lillehaveli.no\/asker\/product\/lamb-saag\/","name":"LAMB SAAG - Lille Haveli - Asker","isPartOf":{"@id":"https:\/\/lillehaveli.no\/asker\/#website"},"primaryImageOfPage":{"@id":"https:\/\/lillehaveli.no\/asker\/product\/lamb-saag\/#primaryimage"},"image":{"@id":"https:\/\/lillehaveli.no\/asker\/product\/lamb-saag\/#primaryimage"},"thumbnailUrl":"https:\/\/lillehaveli.no\/asker\/wp-content\/uploads\/2023\/08\/lamb-saag-min.jpg","datePublished":"2023-08-08T10:11:39+00:00","dateModified":"2024-11-11T13:18:38+00:00","breadcrumb":{"@id":"https:\/\/lillehaveli.no\/asker\/product\/lamb-saag\/#breadcrumb"},"inLanguage":"en-GB","potentialAction":[{"@type":"ReadAction","target":["https:\/\/lillehaveli.no\/asker\/product\/lamb-saag\/"]}]},{"@type":"ImageObject","inLanguage":"en-GB","@id":"https:\/\/lillehaveli.no\/asker\/product\/lamb-saag\/#primaryimage","url":"https:\/\/lillehaveli.no\/asker\/wp-content\/uploads\/2023\/08\/lamb-saag-min.jpg","contentUrl":"https:\/\/lillehaveli.no\/asker\/wp-content\/uploads\/2023\/08\/lamb-saag-min.jpg","width":750,"height":489},{"@type":"BreadcrumbList","@id":"https:\/\/lillehaveli.no\/asker\/product\/lamb-saag\/#breadcrumb","itemListElement":[{"@type":"ListItem","position":1,"name":"Shop","item":"https:\/\/lillehaveli.no\/asker\/shop\/"},{"@type":"ListItem","position":2,"name":"LAMB SAAG"}]},{"@type":"WebSite","@id":"https:\/\/lillehaveli.no\/asker\/#website","url":"https:\/\/lillehaveli.no\/asker\/","name":"Lille Haveli - Asker","description":"Ekte indisk opplevelsen i Asker sentrum","publisher":{"@id":"https:\/\/lillehaveli.no\/asker\/#organization"},"potentialAction":[{"@type":"SearchAction","target":{"@type":"EntryPoint","urlTemplate":"https:\/\/lillehaveli.no\/asker\/?s={search_term_string}"},"query-input":{"@type":"PropertyValueSpecification","valueRequired":true,"valueName":"search_term_string"}}],"inLanguage":"en-GB"},{"@type":"Organization","@id":"https:\/\/lillehaveli.no\/asker\/#organization","name":"Lille Haveli - Asker","url":"https:\/\/lillehaveli.no\/asker\/","logo":{"@type":"ImageObject","inLanguage":"en-GB","@id":"https:\/\/lillehaveli.no\/asker\/#\/schema\/logo\/image\/","url":"https:\/\/lillehaveli.no\/wp-content\/uploads\/2023\/02\/haveliLogo-1.jpg","contentUrl":"https:\/\/lillehaveli.no\/wp-content\/uploads\/2023\/02\/haveliLogo-1.jpg","width":1365,"height":1365,"caption":"Lille Haveli - Asker"},"image":{"@id":"https:\/\/lillehaveli.no\/asker\/#\/schema\/logo\/image\/"},"sameAs":["https:\/\/www.facebook.com\/lillehaveli"]}]}},"_links":{"self":[{"href":"https:\/\/lillehaveli.no\/asker\/wp-json\/wp\/v2\/product\/4027","targetHints":{"allow":["GET"]}}],"collection":[{"href":"https:\/\/lillehaveli.no\/asker\/wp-json\/wp\/v2\/product"}],"about":[{"href":"https:\/\/lillehaveli.no\/asker\/wp-json\/wp\/v2\/types\/product"}],"replies":[{"embeddable":true,"href":"https:\/\/lillehaveli.no\/asker\/wp-json\/wp\/v2\/comments?post=4027"}],"wp:featuredmedia":[{"embeddable":true,"href":"https:\/\/lillehaveli.no\/asker\/wp-json\/wp\/v2\/media\/4279"}],"wp:attachment":[{"href":"https:\/\/lillehaveli.no\/asker\/wp-json\/wp\/v2\/media?parent=4027"}],"wp:term":[{"taxonomy":"product_brand","embeddable":true,"href":"https:\/\/lillehaveli.no\/asker\/wp-json\/wp\/v2\/product_brand?post=4027"},{"taxonomy":"product_cat","embeddable":true,"href":"https:\/\/lillehaveli.no\/asker\/wp-json\/wp\/v2\/product_cat?post=4027"},{"taxonomy":"product_tag","embeddable":true,"href":"https:\/\/lillehaveli.no\/asker\/wp-json\/wp\/v2\/product_tag?post=4027"}],"curies":[{"name":"wp","href":"https:\/\/api.w.org\/{rel}","templated":true}]}}