
{"id":3689,"date":"2023-02-16T10:06:06","date_gmt":"2023-02-16T09:06:06","guid":{"rendered":"https:\/\/lillehaveli.no\/product\/pani-puri\/"},"modified":"2026-02-19T09:44:08","modified_gmt":"2026-02-19T08:44:08","slug":"pani-puri","status":"publish","type":"product","link":"https:\/\/lillehaveli.no\/asker\/product\/pani-puri\/","title":{"rendered":"PANI PURI"},"content":{"rendered":"<p>Snacks eller knask er mat og nytelsesmidler som spises mellom de faste m\u00e5ltidene (frokost, lunsj og middag). En bolle til lunsj, en is til dessert eller en sk\u00e5l chips p\u00e5 sofaen etter kveldsmaten. Det trenger ikke v\u00e6re store mengder, men dagen f\u00f8les liksom ikke komplett uten litt snacks. N\u00f8tter, frukt\/b\u00e6r som eple, banan, gr\u00f8nnsaker som guler\u00f8tter er sunn snacks for mange.<\/p>\n","protected":false},"excerpt":{"rendered":"<p>Seks sma smakfulle kuler laget av semulegryn. Fyit med potet, diverse urter og krydder. Serveres med krydret mynte og tamarind blandevann.<\/p>\n","protected":false},"featured_media":3819,"comment_status":"open","ping_status":"closed","template":"","meta":{"_acf_changed":false,"_et_pb_use_builder":"","_et_pb_old_content":"","_et_gb_content_width":""},"product_brand":[],"product_cat":[97],"product_tag":[],"class_list":{"0":"post-3689","1":"product","2":"type-product","3":"status-publish","4":"has-post-thumbnail","6":"product_cat-snacks","7":"allergy-gluten","8":"allergy-hvetemel","10":"first","11":"instock","12":"taxable","13":"shipping-taxable","14":"purchasable","15":"product-type-simple"},"acf":[],"yoast_head":"<!-- This site is optimized with the Yoast SEO plugin v26.4 - https:\/\/yoast.com\/wordpress\/plugins\/seo\/ -->\n<title>PANI PURI - Lille Haveli - Asker<\/title>\n<meta name=\"robots\" content=\"index, follow, max-snippet:-1, max-image-preview:large, max-video-preview:-1\" \/>\n<link rel=\"canonical\" href=\"https:\/\/lillehaveli.no\/asker\/product\/pani-puri\/\" \/>\n<meta property=\"og:locale\" content=\"en_GB\" \/>\n<meta property=\"og:type\" content=\"article\" \/>\n<meta property=\"og:title\" content=\"PANI PURI - Lille Haveli - Asker\" \/>\n<meta property=\"og:description\" content=\"Seks sma smakfulle kuler laget av semulegryn. Fyit med potet, diverse urter og krydder. Serveres med krydret mynte og tamarind blandevann.\" \/>\n<meta property=\"og:url\" content=\"https:\/\/lillehaveli.no\/asker\/product\/pani-puri\/\" \/>\n<meta property=\"og:site_name\" content=\"Lille Haveli - Asker\" \/>\n<meta property=\"article:publisher\" content=\"https:\/\/www.facebook.com\/lillehaveli\" \/>\n<meta property=\"article:modified_time\" content=\"2026-02-19T08:44:08+00:00\" \/>\n<meta property=\"og:image\" content=\"https:\/\/lillehaveli.no\/asker\/wp-content\/uploads\/2023\/02\/pani-puri-lillehaveli.png\" \/>\n\t<meta property=\"og:image:width\" content=\"700\" \/>\n\t<meta property=\"og:image:height\" content=\"700\" \/>\n\t<meta property=\"og:image:type\" content=\"image\/png\" \/>\n<meta name=\"twitter:card\" content=\"summary_large_image\" \/>\n<script type=\"application\/ld+json\" class=\"yoast-schema-graph\">{\"@context\":\"https:\/\/schema.org\",\"@graph\":[{\"@type\":\"WebPage\",\"@id\":\"https:\/\/lillehaveli.no\/asker\/product\/pani-puri\/\",\"url\":\"https:\/\/lillehaveli.no\/asker\/product\/pani-puri\/\",\"name\":\"PANI PURI - Lille Haveli - Asker\",\"isPartOf\":{\"@id\":\"https:\/\/lillehaveli.no\/asker\/#website\"},\"primaryImageOfPage\":{\"@id\":\"https:\/\/lillehaveli.no\/asker\/product\/pani-puri\/#primaryimage\"},\"image\":{\"@id\":\"https:\/\/lillehaveli.no\/asker\/product\/pani-puri\/#primaryimage\"},\"thumbnailUrl\":\"https:\/\/lillehaveli.no\/asker\/wp-content\/uploads\/2023\/02\/pani-puri-lillehaveli.png\",\"datePublished\":\"2023-02-16T09:06:06+00:00\",\"dateModified\":\"2026-02-19T08:44:08+00:00\",\"breadcrumb\":{\"@id\":\"https:\/\/lillehaveli.no\/asker\/product\/pani-puri\/#breadcrumb\"},\"inLanguage\":\"en-GB\",\"potentialAction\":[{\"@type\":\"ReadAction\",\"target\":[\"https:\/\/lillehaveli.no\/asker\/product\/pani-puri\/\"]}]},{\"@type\":\"ImageObject\",\"inLanguage\":\"en-GB\",\"@id\":\"https:\/\/lillehaveli.no\/asker\/product\/pani-puri\/#primaryimage\",\"url\":\"https:\/\/lillehaveli.no\/asker\/wp-content\/uploads\/2023\/02\/pani-puri-lillehaveli.png\",\"contentUrl\":\"https:\/\/lillehaveli.no\/asker\/wp-content\/uploads\/2023\/02\/pani-puri-lillehaveli.png\",\"width\":700,\"height\":700},{\"@type\":\"BreadcrumbList\",\"@id\":\"https:\/\/lillehaveli.no\/asker\/product\/pani-puri\/#breadcrumb\",\"itemListElement\":[{\"@type\":\"ListItem\",\"position\":1,\"name\":\"Shop\",\"item\":\"https:\/\/lillehaveli.no\/asker\/shop\/\"},{\"@type\":\"ListItem\",\"position\":2,\"name\":\"PANI PURI\"}]},{\"@type\":\"WebSite\",\"@id\":\"https:\/\/lillehaveli.no\/asker\/#website\",\"url\":\"https:\/\/lillehaveli.no\/asker\/\",\"name\":\"Lille Haveli - Asker\",\"description\":\"Ekte indisk opplevelsen i Asker sentrum\",\"publisher\":{\"@id\":\"https:\/\/lillehaveli.no\/asker\/#organization\"},\"potentialAction\":[{\"@type\":\"SearchAction\",\"target\":{\"@type\":\"EntryPoint\",\"urlTemplate\":\"https:\/\/lillehaveli.no\/asker\/?s={search_term_string}\"},\"query-input\":{\"@type\":\"PropertyValueSpecification\",\"valueRequired\":true,\"valueName\":\"search_term_string\"}}],\"inLanguage\":\"en-GB\"},{\"@type\":\"Organization\",\"@id\":\"https:\/\/lillehaveli.no\/asker\/#organization\",\"name\":\"Lille Haveli - Asker\",\"url\":\"https:\/\/lillehaveli.no\/asker\/\",\"logo\":{\"@type\":\"ImageObject\",\"inLanguage\":\"en-GB\",\"@id\":\"https:\/\/lillehaveli.no\/asker\/#\/schema\/logo\/image\/\",\"url\":\"https:\/\/lillehaveli.no\/wp-content\/uploads\/2023\/02\/haveliLogo-1.jpg\",\"contentUrl\":\"https:\/\/lillehaveli.no\/wp-content\/uploads\/2023\/02\/haveliLogo-1.jpg\",\"width\":1365,\"height\":1365,\"caption\":\"Lille Haveli - Asker\"},\"image\":{\"@id\":\"https:\/\/lillehaveli.no\/asker\/#\/schema\/logo\/image\/\"},\"sameAs\":[\"https:\/\/www.facebook.com\/lillehaveli\"]}]}<\/script>\n<!-- \/ Yoast SEO plugin. -->","yoast_head_json":{"title":"PANI PURI - Lille Haveli - Asker","robots":{"index":"index","follow":"follow","max-snippet":"max-snippet:-1","max-image-preview":"max-image-preview:large","max-video-preview":"max-video-preview:-1"},"canonical":"https:\/\/lillehaveli.no\/asker\/product\/pani-puri\/","og_locale":"en_GB","og_type":"article","og_title":"PANI PURI - Lille Haveli - Asker","og_description":"Seks sma smakfulle kuler laget av semulegryn. Fyit med potet, diverse urter og krydder. Serveres med krydret mynte og tamarind blandevann.","og_url":"https:\/\/lillehaveli.no\/asker\/product\/pani-puri\/","og_site_name":"Lille Haveli - Asker","article_publisher":"https:\/\/www.facebook.com\/lillehaveli","article_modified_time":"2026-02-19T08:44:08+00:00","og_image":[{"width":700,"height":700,"url":"https:\/\/lillehaveli.no\/asker\/wp-content\/uploads\/2023\/02\/pani-puri-lillehaveli.png","type":"image\/png"}],"twitter_card":"summary_large_image","schema":{"@context":"https:\/\/schema.org","@graph":[{"@type":"WebPage","@id":"https:\/\/lillehaveli.no\/asker\/product\/pani-puri\/","url":"https:\/\/lillehaveli.no\/asker\/product\/pani-puri\/","name":"PANI PURI - Lille Haveli - Asker","isPartOf":{"@id":"https:\/\/lillehaveli.no\/asker\/#website"},"primaryImageOfPage":{"@id":"https:\/\/lillehaveli.no\/asker\/product\/pani-puri\/#primaryimage"},"image":{"@id":"https:\/\/lillehaveli.no\/asker\/product\/pani-puri\/#primaryimage"},"thumbnailUrl":"https:\/\/lillehaveli.no\/asker\/wp-content\/uploads\/2023\/02\/pani-puri-lillehaveli.png","datePublished":"2023-02-16T09:06:06+00:00","dateModified":"2026-02-19T08:44:08+00:00","breadcrumb":{"@id":"https:\/\/lillehaveli.no\/asker\/product\/pani-puri\/#breadcrumb"},"inLanguage":"en-GB","potentialAction":[{"@type":"ReadAction","target":["https:\/\/lillehaveli.no\/asker\/product\/pani-puri\/"]}]},{"@type":"ImageObject","inLanguage":"en-GB","@id":"https:\/\/lillehaveli.no\/asker\/product\/pani-puri\/#primaryimage","url":"https:\/\/lillehaveli.no\/asker\/wp-content\/uploads\/2023\/02\/pani-puri-lillehaveli.png","contentUrl":"https:\/\/lillehaveli.no\/asker\/wp-content\/uploads\/2023\/02\/pani-puri-lillehaveli.png","width":700,"height":700},{"@type":"BreadcrumbList","@id":"https:\/\/lillehaveli.no\/asker\/product\/pani-puri\/#breadcrumb","itemListElement":[{"@type":"ListItem","position":1,"name":"Shop","item":"https:\/\/lillehaveli.no\/asker\/shop\/"},{"@type":"ListItem","position":2,"name":"PANI PURI"}]},{"@type":"WebSite","@id":"https:\/\/lillehaveli.no\/asker\/#website","url":"https:\/\/lillehaveli.no\/asker\/","name":"Lille Haveli - Asker","description":"Ekte indisk opplevelsen i Asker sentrum","publisher":{"@id":"https:\/\/lillehaveli.no\/asker\/#organization"},"potentialAction":[{"@type":"SearchAction","target":{"@type":"EntryPoint","urlTemplate":"https:\/\/lillehaveli.no\/asker\/?s={search_term_string}"},"query-input":{"@type":"PropertyValueSpecification","valueRequired":true,"valueName":"search_term_string"}}],"inLanguage":"en-GB"},{"@type":"Organization","@id":"https:\/\/lillehaveli.no\/asker\/#organization","name":"Lille Haveli - Asker","url":"https:\/\/lillehaveli.no\/asker\/","logo":{"@type":"ImageObject","inLanguage":"en-GB","@id":"https:\/\/lillehaveli.no\/asker\/#\/schema\/logo\/image\/","url":"https:\/\/lillehaveli.no\/wp-content\/uploads\/2023\/02\/haveliLogo-1.jpg","contentUrl":"https:\/\/lillehaveli.no\/wp-content\/uploads\/2023\/02\/haveliLogo-1.jpg","width":1365,"height":1365,"caption":"Lille Haveli - Asker"},"image":{"@id":"https:\/\/lillehaveli.no\/asker\/#\/schema\/logo\/image\/"},"sameAs":["https:\/\/www.facebook.com\/lillehaveli"]}]}},"_links":{"self":[{"href":"https:\/\/lillehaveli.no\/asker\/wp-json\/wp\/v2\/product\/3689","targetHints":{"allow":["GET"]}}],"collection":[{"href":"https:\/\/lillehaveli.no\/asker\/wp-json\/wp\/v2\/product"}],"about":[{"href":"https:\/\/lillehaveli.no\/asker\/wp-json\/wp\/v2\/types\/product"}],"replies":[{"embeddable":true,"href":"https:\/\/lillehaveli.no\/asker\/wp-json\/wp\/v2\/comments?post=3689"}],"wp:featuredmedia":[{"embeddable":true,"href":"https:\/\/lillehaveli.no\/asker\/wp-json\/wp\/v2\/media\/3819"}],"wp:attachment":[{"href":"https:\/\/lillehaveli.no\/asker\/wp-json\/wp\/v2\/media?parent=3689"}],"wp:term":[{"taxonomy":"product_brand","embeddable":true,"href":"https:\/\/lillehaveli.no\/asker\/wp-json\/wp\/v2\/product_brand?post=3689"},{"taxonomy":"product_cat","embeddable":true,"href":"https:\/\/lillehaveli.no\/asker\/wp-json\/wp\/v2\/product_cat?post=3689"},{"taxonomy":"product_tag","embeddable":true,"href":"https:\/\/lillehaveli.no\/asker\/wp-json\/wp\/v2\/product_tag?post=3689"}],"curies":[{"name":"wp","href":"https:\/\/api.w.org\/{rel}","templated":true}]}}