
{"id":5866,"date":"2024-11-15T14:38:24","date_gmt":"2024-11-15T13:38:24","guid":{"rendered":"https:\/\/lillehaveli.no\/asker\/?page_id=5866"},"modified":"2025-04-26T20:33:53","modified_gmt":"2025-04-26T18:33:53","slug":"join-our-team","status":"publish","type":"page","link":"https:\/\/lillehaveli.no\/asker\/join-our-team\/","title":{"rendered":"Join Our Team"},"content":{"rendered":"<p>[et_pb_section fb_built=&#8221;1&#8243; admin_label=&#8221;Header&#8221; _builder_version=&#8221;4.27.0&#8243; _module_preset=&#8221;default&#8221; background_color=&#8221;rgba(0,0,0,0.55)&#8221; background_image=&#8221;https:\/\/lillehaveli.no\/asker\/wp-content\/uploads\/2024\/08\/lill.jpeg&#8221; background_blend=&#8221;overlay&#8221; custom_padding=&#8221;100px||100px||false|false&#8221; locked=&#8221;off&#8221; collapsed=&#8221;off&#8221; global_colors_info=&#8221;{}&#8221;][et_pb_row _builder_version=&#8221;4.24.0&#8243; _module_preset=&#8221;default&#8221; global_colors_info=&#8221;{}&#8221;][et_pb_column type=&#8221;4_4&#8243; _builder_version=&#8221;4.24.0&#8243; _module_preset=&#8221;default&#8221; global_colors_info=&#8221;{}&#8221;][et_pb_heading title=&#8221;Join Our Team&#8221; _builder_version=&#8221;4.27.2&#8243; _module_preset=&#8221;default&#8221; title_text_align=&#8221;center&#8221; title_text_color=&#8221;#ffffff&#8221; global_colors_info=&#8221;{}&#8221;][\/et_pb_heading][\/et_pb_column][\/et_pb_row][\/et_pb_section][et_pb_section fb_built=&#8221;1&#8243; _builder_version=&#8221;4.24.3&#8243; _module_preset=&#8221;default&#8221; global_colors_info=&#8221;{}&#8221;][et_pb_row column_structure=&#8221;1_2,1_2&#8243; use_custom_gutter=&#8221;on&#8221; gutter_width=&#8221;2&#8243; _builder_version=&#8221;4.27.2&#8243; _module_preset=&#8221;default&#8221; global_colors_info=&#8221;{}&#8221;][et_pb_column type=&#8221;1_2&#8243; _builder_version=&#8221;4.24.3&#8243; _module_preset=&#8221;default&#8221; border_radii=&#8221;on|6px|6px|6px|6px&#8221; border_width_all=&#8221;1px&#8221; global_colors_info=&#8221;{}&#8221;][et_pb_image src=&#8221;https:\/\/lillehaveli.no\/asker\/wp-content\/uploads\/2024\/08\/Lille-Haveli.jpg&#8221; title_text=&#8221;Lille-Haveli&#8221; show_bottom_space=&#8221;off&#8221; force_fullwidth=&#8221;on&#8221; module_id=&#8221;kitchen&#8221; _builder_version=&#8221;4.27.4&#8243; _module_preset=&#8221;default&#8221; global_colors_info=&#8221;{}&#8221;][\/et_pb_image][et_pb_accordion module_id=&#8221;waiter&#8221; _builder_version=&#8221;4.27.2&#8243; _module_preset=&#8221;default&#8221; toggle_font_size=&#8221;15px&#8221; toggle_line_height=&#8221;1.3em&#8221; global_colors_info=&#8221;{}&#8221;][et_pb_accordion_item title=&#8221;Position: Kitchen cleaning assistant&#8221; open=&#8221;on&#8221; _builder_version=&#8221;4.27.2&#8243; _module_preset=&#8221;default&#8221; global_colors_info=&#8221;{}&#8221; toggle_font_size=&#8221;24px&#8221;][\/et_pb_accordion_item][et_pb_accordion_item title=&#8221;Position: Kitchen cleaning assistant&#8221; _builder_version=&#8221;4.27.2&#8243; _module_preset=&#8221;default&#8221; global_colors_info=&#8221;{}&#8221; toggle_font_size=&#8221;24px&#8221; open=&#8221;off&#8221;]<\/p>\n<p><strong>Location: Lille Haveli, Asker<\/strong><\/p>\n<p><strong>Responsibilities:<\/strong><\/p>\n<ul>\n<li>Cleaning and maintaining the kitchen to ensure high standards of hygiene.<\/li>\n<li>Assisting the chef with preparations and other tasks as needed.<\/li>\n<li>Ensuring kitchen tools and equipment are always clean and available.<\/li>\n<li>Keeping work areas tidy and organized.<\/li>\n<li>Handling waste and ensuring proper waste disposal.<\/li>\n<\/ul>\n<p><strong>Qualifications:<\/strong><\/p>\n<ul>\n<li>Experience in a similar role is an advantage but not required.<\/li>\n<li>Ability to work quickly and efficiently under pressure.<\/li>\n<li>Good communication skills and ability to work well in a team.<\/li>\n<li>Attention to detail and strong work ethic.<\/li>\n<li>Flexibility to handle varied tasks in a busy work environment.<\/li>\n<\/ul>\n<p><strong>What We Offer:<\/strong><\/p>\n<ul>\n<li>Opportunity to work in an exciting, newly established concept.<\/li>\n<li>A positive work environment with friendly colleagues.<\/li>\n<li>Competitive compensation and opportunities for growth.<\/li>\n<\/ul>\n<p>Application Deadline: As soon as possible<\/p>\n<p><strong>How to Apply:<\/strong><\/p>\n<p>Send your resume and a brief cover letter to post@lillehaveli.no or visit Lille Haveli in person to fill out an application.<\/p>\n<p>Join the Lille Haveli team and help us deliver an authentic and delightful dining experience to our guests!<\/p>\n<p><a href=\"#apply-now\"><span style=\"text-decoration: underline;\"><strong>Apply Now<\/strong><\/span><\/a><\/p>\n<p>[\/et_pb_accordion_item][\/et_pb_accordion][\/et_pb_column][et_pb_column type=&#8221;1_2&#8243; _builder_version=&#8221;4.27.2&#8243; _module_preset=&#8221;default&#8221; border_radii=&#8221;on|6px|6px|6px|6px&#8221; global_colors_info=&#8221;{}&#8221;][et_pb_image src=&#8221;https:\/\/lillehaveli.no\/asker\/wp-content\/uploads\/2024\/11\/food-serving-job-1.jpg&#8221; title_text=&#8221;food-serving-job-1&#8243; show_bottom_space=&#8221;off&#8221; force_fullwidth=&#8221;on&#8221; module_id=&#8221;servitor&#8221; _builder_version=&#8221;4.27.4&#8243; _module_preset=&#8221;default&#8221; global_colors_info=&#8221;{}&#8221;][\/et_pb_image][et_pb_accordion module_id=&#8221;waiter&#8221; _builder_version=&#8221;4.27.2&#8243; _module_preset=&#8221;default&#8221; global_colors_info=&#8221;{}&#8221;][et_pb_accordion_item title=&#8221;Position: Waiter\/Waitress&#8221; open=&#8221;on&#8221; _builder_version=&#8221;4.27.2&#8243; _module_preset=&#8221;default&#8221; global_colors_info=&#8221;{}&#8221; toggle_font_size=&#8221;24px&#8221;][\/et_pb_accordion_item][et_pb_accordion_item title=&#8221;Position: Waiter\/Waitress&#8221; _builder_version=&#8221;4.27.2&#8243; _module_preset=&#8221;default&#8221; global_colors_info=&#8221;{}&#8221; toggle_font_size=&#8221;24px&#8221; open=&#8221;off&#8221;]<\/p>\n<p><strong>Location: Lille Haveli, Asker<\/strong><\/p>\n<p><strong>Responsibilities:<\/strong><\/p>\n<ul>\n<li>Greet and seat guests warmly and professionally<\/li>\n<li>Take accurate food and drink orders<\/li>\n<li>Serve dishes expertly, ensuring customer satisfaction<\/li>\n<li>Provide menu recommendations and answer guest inquiries<\/li>\n<li>Handle payments and issue receipts<\/li>\n<li>Maintain a clean and organized dining area<\/li>\n<li>Collaborate with the kitchen and other team members<\/li>\n<\/ul>\n<p><strong>Requirements:<\/strong><\/p>\n<ul>\n<li>Previous experience as a waiter\/waitress is preferred but not required<\/li>\n<li>Strong communication and customer service skills<\/li>\n<li>Ability to thrive in a fast-paced environment<\/li>\n<li>Basic knowledge of Indian cuisine is a bonus<\/li>\n<li>Fluent in English; knowledge of Norwegian is an advantage<\/li>\n<li>Flexibility to work evenings, weekends, and holidays<\/li>\n<\/ul>\n<p><strong>What We Offer:<\/strong><\/p>\n<ul>\n<li>A welcoming and supportive work environment<\/li>\n<li>Opportunities for growth and development<\/li>\n<\/ul>\n<p>If you\u2019re passionate about hospitality and have an interest in Indian cuisine, we\u2019d love to hear from you!<\/p>\n<p><strong>How to Apply:<\/strong><\/p>\n<p>Send your resume and a brief cover letter to <strong>post@lillehaveli.no<\/strong> or visit Lille Haveli in person to fill out an application.<\/p>\n<p>Join the Lille Haveli team and help us deliver an authentic and delightful dining experience to our guests!<\/p>\n<p><a href=\"#apply-now\"><span style=\"text-decoration: underline;\"><strong>Apply Now<\/strong><\/span><\/a><\/p>\n<p>[\/et_pb_accordion_item][\/et_pb_accordion][\/et_pb_column][\/et_pb_row][et_pb_row _builder_version=&#8221;4.27.2&#8243; _module_preset=&#8221;default&#8221; global_colors_info=&#8221;{}&#8221;][et_pb_column type=&#8221;4_4&#8243; _builder_version=&#8221;4.27.2&#8243; _module_preset=&#8221;default&#8221; global_colors_info=&#8221;{}&#8221;][et_pb_button button_url=&#8221;#apply-now&#8221; button_text=&#8221; Open application&#8221; button_alignment=&#8221;center&#8221; _builder_version=&#8221;4.27.2&#8243; _module_preset=&#8221;default&#8221; global_colors_info=&#8221;{}&#8221;][\/et_pb_button][\/et_pb_column][\/et_pb_row][\/et_pb_section][et_pb_section fb_built=&#8221;1&#8243; module_id=&#8221;apply-now&#8221; _builder_version=&#8221;4.24.3&#8243; _module_preset=&#8221;default&#8221; border_width_top=&#8221;1px&#8221; border_color_top=&#8221;rgba(0,0,0,0.08)&#8221; global_colors_info=&#8221;{}&#8221;][et_pb_row _builder_version=&#8221;4.24.0&#8243; _module_preset=&#8221;default&#8221; global_colors_info=&#8221;{}&#8221;][et_pb_column type=&#8221;4_4&#8243; _builder_version=&#8221;4.24.0&#8243; _module_preset=&#8221;default&#8221; global_colors_info=&#8221;{}&#8221;][et_pb_text _builder_version=&#8221;4.27.2&#8243; _module_preset=&#8221;1f09816e-184e-4ce5-a4cf-b39c52c423ca&#8221; text_font=&#8221;Open Sans||||||||&#8221; text_text_color=&#8221;#000000&#8243; text_font_size=&#8221;17px&#8221; text_line_height=&#8221;1.8em&#8221; link_text_color=&#8221;#23CDE7&#8243; header_3_font=&#8221;Playfair Display||||||||&#8221; header_3_font_size=&#8221;38px&#8221; header_3_line_height=&#8221;1.7em&#8221; header_4_font=&#8221;Playfair Display||||||||&#8221; header_4_font_size=&#8221;25px&#8221; header_4_line_height=&#8221;1.8em&#8221; text_font_size_tablet=&#8221;15px&#8221; text_font_size_phone=&#8221;14px&#8221; text_font_size_last_edited=&#8221;on|phone&#8221; header_font_size_tablet=&#8221;55px&#8221; header_font_size_last_edited=&#8221;off|desktop&#8221; global_colors_info=&#8221;{}&#8221;]<\/p>\n<h3 style=\"text-align: center;\">Apply Now<\/h3>\n<p>[\/et_pb_text][\/et_pb_column][\/et_pb_row][et_pb_row _builder_version=&#8221;4.24.0&#8243; _module_preset=&#8221;default&#8221; global_colors_info=&#8221;{}&#8221;][et_pb_column type=&#8221;4_4&#8243; _builder_version=&#8221;4.24.0&#8243; _module_preset=&#8221;default&#8221; global_colors_info=&#8221;{}&#8221;][et_pb_contact_form email=&#8221;post@lillehaveli.no, pk@vivamart.no&#8221; custom_message=&#8221;Hei, ||et_pb_line_break_holder||||et_pb_line_break_holder||We have received a new job application from: https:\/\/lillehaveli.no\/asker\/join-our-team\/||et_pb_line_break_holder||Full name: %%full_name%%||et_pb_line_break_holder||Email: %%email_address%%||et_pb_line_break_holder||Mobile number: %%mobile_number%%||et_pb_line_break_holder||Position: %%position_for_which_you_are_applying_for%%||et_pb_line_break_holder||File URL: %%custom_file_upload%%||et_pb_line_break_holder||Message: %%message%%&#8221; success_message=&#8221;<\/p>\n<p><strong>Thanks for your interest in working with us. Your application has been received.<\/strong><\/p>\n<p><strong>We will review your application and contact in case the process goes further.<\/strong><\/p>\n<p>&nbsp;<\/p>\n<p>&#8221; submit_button_text=&#8221;Apply Now&#8221; _builder_version=&#8221;4.27.4&#8243; _module_preset=&#8221;default&#8221; _unique_id=&#8221;b0fd89d2-27c8-4a97-833a-15349ca3eef0&#8243; form_field_background_color=&#8221;rgba(237,237,237,0)&#8221; form_field_custom_padding=&#8221;18px||12px||false|false&#8221; form_field_font=&#8221;Times New Roman||||||||&#8221; form_field_font_size=&#8221;16px&#8221; background_color=&#8221;rgba(60,6,4,0)&#8221; custom_button=&#8221;on&#8221; button_text_color=&#8221;#ffffff&#8221; button_bg_color=&#8221;#c5a572&#8243; button_border_width=&#8221;0px&#8221; button_use_icon=&#8221;off&#8221; min_height=&#8221;692px&#8221; custom_padding=&#8221;||||true|true&#8221; hover_enabled=&#8221;0&#8243; border_width_all=&#8221;1px&#8221; border_color_all=&#8221;#cccccc&#8221; locked=&#8221;off&#8221; global_colors_info=&#8221;{}&#8221; sticky_enabled=&#8221;0&#8243;][et_pb_contact_field field_id=&#8221;full_name&#8221; field_title=&#8221;Full Name&#8221; fullwidth_field=&#8221;on&#8221; _builder_version=&#8221;4.27.2&#8243; _module_preset=&#8221;default&#8221; global_colors_info=&#8221;{}&#8221;][\/et_pb_contact_field][et_pb_contact_field field_id=&#8221;email_address&#8221; field_title=&#8221;Email&#8221; field_type=&#8221;email&#8221; _builder_version=&#8221;4.27.2&#8243; _module_preset=&#8221;default&#8221; global_colors_info=&#8221;{}&#8221;][\/et_pb_contact_field][et_pb_contact_field field_id=&#8221;mobile_number&#8221; field_title=&#8221;Mobile No&#8221; _builder_version=&#8221;4.27.2&#8243; _module_preset=&#8221;default&#8221; global_colors_info=&#8221;{}&#8221;][\/et_pb_contact_field][et_pb_contact_field field_id=&#8221;position_for_which_you_are_applying_for&#8221; field_title=&#8221;Position&#8221; field_type=&#8221;select&#8221; select_options=&#8221;%91{%22value%22:%22Kj\u00f8kkenassistent for rengj\u00f8ring%22,%22checked%22:0,%22dragID%22:-1},{%22value%22:%22Servit\u00f8r%22,%22checked%22:0,%22dragID%22:0},{%22value%22:%22 \u00c5pen s\u00f8knad%22,%22checked%22:0,%22dragID%22:1}%93&#8243; fullwidth_field=&#8221;on&#8221; _builder_version=&#8221;4.27.2&#8243; _module_preset=&#8221;default&#8221; global_colors_info=&#8221;{}&#8221;][\/et_pb_contact_field][et_pb_contact_field field_id=&#8221;custom_file_upload&#8221; field_title=&#8221; Upload your CV, reference letter or other information&#8221; fullwidth_field=&#8221;on&#8221; _builder_version=&#8221;4.27.4&#8243; _module_preset=&#8221;default&#8221; hover_enabled=&#8221;0&#8243; use_file_upload=&#8221;on&#8221; file_size=&#8221;6000&#8243; files_limit=&#8221;4&#8243; file_mime=&#8221;on|off|off|off|off|off|off|off|off|off|off|off|off|off|off|off|off|off|off|off|off|off|off|off|off|off|off|off|off|off|off|off|off|off|off|off|off|off|off|off|off|off|off|off|off|off|off|off|on|off|off|off|off|off|off|off|off|on|off|off|on|off|off|on|off|off|off|off|off|off|off|off|off|on|off|off|off|off|off|off|off|off|off|off|off|off|off|off|off|off|off|off|off|off|off|off&#8221; global_colors_info=&#8221;{}&#8221; sticky_enabled=&#8221;0&#8243;][\/et_pb_contact_field][et_pb_contact_field field_id=&#8221;message&#8221; field_title=&#8221;Message&#8221; field_type=&#8221;text&#8221; required_mark=&#8221;off&#8221; fullwidth_field=&#8221;on&#8221; _builder_version=&#8221;4.27.2&#8243; global_colors_info=&#8221;{}&#8221; button_text_size__hover_enabled=&#8221;off&#8221; button_one_text_size__hover_enabled=&#8221;off&#8221; button_two_text_size__hover_enabled=&#8221;off&#8221; button_text_color__hover_enabled=&#8221;off&#8221; button_one_text_color__hover_enabled=&#8221;off&#8221; button_two_text_color__hover_enabled=&#8221;off&#8221; button_border_width__hover_enabled=&#8221;off&#8221; button_one_border_width__hover_enabled=&#8221;off&#8221; button_two_border_width__hover_enabled=&#8221;off&#8221; button_border_color__hover_enabled=&#8221;off&#8221; button_one_border_color__hover_enabled=&#8221;off&#8221; button_two_border_color__hover_enabled=&#8221;off&#8221; button_border_radius__hover_enabled=&#8221;off&#8221; button_one_border_radius__hover_enabled=&#8221;off&#8221; button_two_border_radius__hover_enabled=&#8221;off&#8221; button_letter_spacing__hover_enabled=&#8221;off&#8221; button_one_letter_spacing__hover_enabled=&#8221;off&#8221; button_two_letter_spacing__hover_enabled=&#8221;off&#8221; button_bg_color__hover_enabled=&#8221;off&#8221; button_one_bg_color__hover_enabled=&#8221;off&#8221; button_two_bg_color__hover_enabled=&#8221;off&#8221;][\/et_pb_contact_field][\/et_pb_contact_form][\/et_pb_column][\/et_pb_row][\/et_pb_section]<\/p>\n","protected":false},"excerpt":{"rendered":"<p>Location: Lille Haveli, Asker Responsibilities: Cleaning and maintaining the kitchen to ensure high standards of hygiene. Assisting the chef with preparations and other tasks as needed. Ensuring kitchen tools and equipment are always clean and available. Keeping work areas tidy and organized. Handling waste and ensuring proper waste disposal. Qualifications: Experience in a similar role [&hellip;]<\/p>\n","protected":false},"author":59,"featured_media":0,"parent":0,"menu_order":0,"comment_status":"closed","ping_status":"closed","template":"","meta":{"_acf_changed":false,"_et_pb_use_builder":"on","_et_pb_old_content":"","_et_gb_content_width":"","footnotes":""},"class_list":["post-5866","page","type-page","status-publish","hentry"],"acf":[],"yoast_head":"<!-- This site is optimized with the Yoast SEO plugin v26.4 - https:\/\/yoast.com\/wordpress\/plugins\/seo\/ -->\n<title>Join Our Team - Lille Haveli - Asker<\/title>\n<meta name=\"robots\" content=\"index, follow, max-snippet:-1, max-image-preview:large, max-video-preview:-1\" \/>\n<link rel=\"canonical\" href=\"https:\/\/lillehaveli.no\/asker\/join-our-team\/\" \/>\n<meta property=\"og:locale\" content=\"en_GB\" \/>\n<meta property=\"og:type\" content=\"article\" \/>\n<meta property=\"og:title\" content=\"Join Our Team - Lille Haveli - Asker\" \/>\n<meta property=\"og:description\" content=\"Location: Lille Haveli, Asker Responsibilities: Cleaning and maintaining the kitchen to ensure high standards of hygiene. Assisting the chef with preparations and other tasks as needed. Ensuring kitchen tools and equipment are always clean and available. Keeping work areas tidy and organized. Handling waste and ensuring proper waste disposal. Qualifications: Experience in a similar role [&hellip;]\" \/>\n<meta property=\"og:url\" content=\"https:\/\/lillehaveli.no\/asker\/join-our-team\/\" \/>\n<meta property=\"og:site_name\" content=\"Lille Haveli - Asker\" \/>\n<meta property=\"article:publisher\" content=\"https:\/\/www.facebook.com\/lillehaveli\" \/>\n<meta property=\"article:modified_time\" content=\"2025-04-26T18:33:53+00:00\" \/>\n<meta name=\"twitter:card\" content=\"summary_large_image\" \/>\n<meta name=\"twitter:label1\" content=\"Estimated reading time\" \/>\n\t<meta name=\"twitter:data1\" content=\"3 minutes\" \/>\n<script type=\"application\/ld+json\" class=\"yoast-schema-graph\">{\"@context\":\"https:\/\/schema.org\",\"@graph\":[{\"@type\":\"WebPage\",\"@id\":\"https:\/\/lillehaveli.no\/asker\/join-our-team\/\",\"url\":\"https:\/\/lillehaveli.no\/asker\/join-our-team\/\",\"name\":\"Join Our Team - Lille Haveli - Asker\",\"isPartOf\":{\"@id\":\"https:\/\/lillehaveli.no\/asker\/#website\"},\"datePublished\":\"2024-11-15T13:38:24+00:00\",\"dateModified\":\"2025-04-26T18:33:53+00:00\",\"inLanguage\":\"en-GB\",\"potentialAction\":[{\"@type\":\"ReadAction\",\"target\":[\"https:\/\/lillehaveli.no\/asker\/join-our-team\/\"]}]},{\"@type\":\"WebSite\",\"@id\":\"https:\/\/lillehaveli.no\/asker\/#website\",\"url\":\"https:\/\/lillehaveli.no\/asker\/\",\"name\":\"Lille Haveli - Asker\",\"description\":\"Ekte indisk opplevelsen i Asker sentrum\",\"publisher\":{\"@id\":\"https:\/\/lillehaveli.no\/asker\/#organization\"},\"potentialAction\":[{\"@type\":\"SearchAction\",\"target\":{\"@type\":\"EntryPoint\",\"urlTemplate\":\"https:\/\/lillehaveli.no\/asker\/?s={search_term_string}\"},\"query-input\":{\"@type\":\"PropertyValueSpecification\",\"valueRequired\":true,\"valueName\":\"search_term_string\"}}],\"inLanguage\":\"en-GB\"},{\"@type\":\"Organization\",\"@id\":\"https:\/\/lillehaveli.no\/asker\/#organization\",\"name\":\"Lille Haveli - Asker\",\"url\":\"https:\/\/lillehaveli.no\/asker\/\",\"logo\":{\"@type\":\"ImageObject\",\"inLanguage\":\"en-GB\",\"@id\":\"https:\/\/lillehaveli.no\/asker\/#\/schema\/logo\/image\/\",\"url\":\"https:\/\/lillehaveli.no\/wp-content\/uploads\/2023\/02\/haveliLogo-1.jpg\",\"contentUrl\":\"https:\/\/lillehaveli.no\/wp-content\/uploads\/2023\/02\/haveliLogo-1.jpg\",\"width\":1365,\"height\":1365,\"caption\":\"Lille Haveli - Asker\"},\"image\":{\"@id\":\"https:\/\/lillehaveli.no\/asker\/#\/schema\/logo\/image\/\"},\"sameAs\":[\"https:\/\/www.facebook.com\/lillehaveli\"]}]}<\/script>\n<!-- \/ Yoast SEO plugin. -->","yoast_head_json":{"title":"Join Our Team - Lille Haveli - Asker","robots":{"index":"index","follow":"follow","max-snippet":"max-snippet:-1","max-image-preview":"max-image-preview:large","max-video-preview":"max-video-preview:-1"},"canonical":"https:\/\/lillehaveli.no\/asker\/join-our-team\/","og_locale":"en_GB","og_type":"article","og_title":"Join Our Team - Lille Haveli - Asker","og_description":"Location: Lille Haveli, Asker Responsibilities: Cleaning and maintaining the kitchen to ensure high standards of hygiene. Assisting the chef with preparations and other tasks as needed. Ensuring kitchen tools and equipment are always clean and available. Keeping work areas tidy and organized. Handling waste and ensuring proper waste disposal. Qualifications: Experience in a similar role [&hellip;]","og_url":"https:\/\/lillehaveli.no\/asker\/join-our-team\/","og_site_name":"Lille Haveli - Asker","article_publisher":"https:\/\/www.facebook.com\/lillehaveli","article_modified_time":"2025-04-26T18:33:53+00:00","twitter_card":"summary_large_image","twitter_misc":{"Estimated reading time":"3 minutes"},"schema":{"@context":"https:\/\/schema.org","@graph":[{"@type":"WebPage","@id":"https:\/\/lillehaveli.no\/asker\/join-our-team\/","url":"https:\/\/lillehaveli.no\/asker\/join-our-team\/","name":"Join Our Team - Lille Haveli - Asker","isPartOf":{"@id":"https:\/\/lillehaveli.no\/asker\/#website"},"datePublished":"2024-11-15T13:38:24+00:00","dateModified":"2025-04-26T18:33:53+00:00","inLanguage":"en-GB","potentialAction":[{"@type":"ReadAction","target":["https:\/\/lillehaveli.no\/asker\/join-our-team\/"]}]},{"@type":"WebSite","@id":"https:\/\/lillehaveli.no\/asker\/#website","url":"https:\/\/lillehaveli.no\/asker\/","name":"Lille Haveli - Asker","description":"Ekte indisk opplevelsen i Asker sentrum","publisher":{"@id":"https:\/\/lillehaveli.no\/asker\/#organization"},"potentialAction":[{"@type":"SearchAction","target":{"@type":"EntryPoint","urlTemplate":"https:\/\/lillehaveli.no\/asker\/?s={search_term_string}"},"query-input":{"@type":"PropertyValueSpecification","valueRequired":true,"valueName":"search_term_string"}}],"inLanguage":"en-GB"},{"@type":"Organization","@id":"https:\/\/lillehaveli.no\/asker\/#organization","name":"Lille Haveli - Asker","url":"https:\/\/lillehaveli.no\/asker\/","logo":{"@type":"ImageObject","inLanguage":"en-GB","@id":"https:\/\/lillehaveli.no\/asker\/#\/schema\/logo\/image\/","url":"https:\/\/lillehaveli.no\/wp-content\/uploads\/2023\/02\/haveliLogo-1.jpg","contentUrl":"https:\/\/lillehaveli.no\/wp-content\/uploads\/2023\/02\/haveliLogo-1.jpg","width":1365,"height":1365,"caption":"Lille Haveli - Asker"},"image":{"@id":"https:\/\/lillehaveli.no\/asker\/#\/schema\/logo\/image\/"},"sameAs":["https:\/\/www.facebook.com\/lillehaveli"]}]}},"_links":{"self":[{"href":"https:\/\/lillehaveli.no\/asker\/wp-json\/wp\/v2\/pages\/5866","targetHints":{"allow":["GET"]}}],"collection":[{"href":"https:\/\/lillehaveli.no\/asker\/wp-json\/wp\/v2\/pages"}],"about":[{"href":"https:\/\/lillehaveli.no\/asker\/wp-json\/wp\/v2\/types\/page"}],"author":[{"embeddable":true,"href":"https:\/\/lillehaveli.no\/asker\/wp-json\/wp\/v2\/users\/59"}],"replies":[{"embeddable":true,"href":"https:\/\/lillehaveli.no\/asker\/wp-json\/wp\/v2\/comments?post=5866"}],"version-history":[{"count":9,"href":"https:\/\/lillehaveli.no\/asker\/wp-json\/wp\/v2\/pages\/5866\/revisions"}],"predecessor-version":[{"id":6596,"href":"https:\/\/lillehaveli.no\/asker\/wp-json\/wp\/v2\/pages\/5866\/revisions\/6596"}],"wp:attachment":[{"href":"https:\/\/lillehaveli.no\/asker\/wp-json\/wp\/v2\/media?parent=5866"}],"curies":[{"name":"wp","href":"https:\/\/api.w.org\/{rel}","templated":true}]}}